{"id":638,"date":"2023-12-20T12:18:54","date_gmt":"2023-12-20T12:18:54","guid":{"rendered":"https:\/\/beta.decisoesesolucoes.com\/?page_id=638"},"modified":"2025-09-11T17:08:57","modified_gmt":"2025-09-11T16:08:57","slug":"create-your-business","status":"publish","type":"page","link":"https:\/\/www.ds360.pt\/en\/create-your-business\/","title":{"rendered":"Create Your Business"},"content":{"rendered":"\n<section id=\"block_6582d9e7e8eaf\" class=\"intro-inner-section intro-section\">\n\n    <figure class=\"bg-img\">\n                        <img src=\"https:\/\/www.ds360.pt\/wp-content\/uploads\/2023\/12\/workers-considering-term-agreement.jpg\" alt=\"Pointing at display\">\n                    <\/figure>\n<\/section>\n<div id=\"block_6582d9e7e8eaf-h1\" class=\"container reveal fadeInLeft\">\n        <h1>CREATE YOUR<br> BUSINESS<\/h1>\n    <\/div>\n<!-- .intro-inner-section -->\n\n\n\n\n<div style=\"height:6rem\" aria-hidden=\"true\" class=\"wp-block-spacer\"><\/div>\n\n\n<section id=\"block_65c500b765f0a\" class=\"\">\n    <div class=\"container\">\n        <div class=\"row\">\n            <div class=\"col-md-12 reveal fadeInLeft\">\n                <div class=\"text-holder\">\n                        <h2>LOOKING FOR A PROFITABLE BUSINESS?<\/h2>\n                    <p><p>OPEN A DECIS\u00d5ES E SOLU\u00c7\u00d5ES STORE<\/p>\n<p>IN A CITY OR VILLAGE NEAR YOU.<\/p>\n<\/p>\n\n                                    <\/div>\n            <\/div>\n        <\/div>\n    <\/div>\n<\/section>\n\n<section id=\"block_65c500dd65f0c\" class=\"\">\n    <div class=\"container\">\n        <div class=\"row\">\n            <div class=\"col-md-12 reveal fadeInLeft\">\n                <div class=\"text-holder\">\n                                        <p><div class=\"business-section\">\n<h2 class=\"business-title\">5 BUSINESS AREAS<\/h2>\n<div class=\"business-cards\">\n<div class=\"card\">\n<figure class=\"ico-holder\"><img loading=\"lazy\" class=\"alignnone\" src=\"https:\/\/www.decisoesesolucoes.com\/wp-content\/uploads\/2024\/02\/building-secondary.svg\" alt=\"Building Icon\" width=\"40\" height=\"481\" \/><\/figure>\n<p class=\"card-text\">Real Estate Brokerage<\/p>\n<\/div>\n<div class=\"card\">\n<figure class=\"ico-holder\"><img src=\"https:\/\/www.decisoesesolucoes.com\/wp-content\/uploads\/2024\/02\/document-secondary.svg\" alt=\"Document Icon\" width=\"40\" \/><\/figure>\n<p class=\"card-text\">Works Mediation<\/p>\n<\/div>\n<div class=\"card\">\n<figure class=\"ico-holder\"><img src=\"https:\/\/www.decisoesesolucoes.com\/wp-content\/uploads\/2024\/02\/modern-house-secondary.svg\" alt=\"Modern House Icon\" width=\"40\" \/><\/figure>\n<p class=\"card-text\">Property Construction<\/p>\n<\/div>\n<div class=\"card\">\n<figure class=\"ico-holder\"><img src=\"https:\/\/www.decisoesesolucoes.com\/wp-content\/uploads\/2024\/02\/give-money-secondary.svg\" alt=\"Give Money Icon\" width=\"40\" \/><\/figure>\n<p class=\"card-text\">Credit Intermediation<\/p>\n<\/div>\n<div class=\"card\">\n<figure class=\"ico-holder\"><img src=\"https:\/\/www.decisoesesolucoes.com\/wp-content\/uploads\/2024\/02\/insurance-secondary.svg\" alt=\"Insurance Icon\" width=\"40\" \/><\/figure>\n<p class=\"card-text\">Insurance Mediation<\/p>\n<\/div>\n<\/div>\n<\/div>\n<\/p>\n\n                                    <\/div>\n            <\/div>\n        <\/div>\n    <\/div>\n<\/section>\n\n\n<div style=\"height:3rem\" aria-hidden=\"true\" class=\"wp-block-spacer\"><\/div>\n\n\n<section id=\"block_65c5021e65f0d\" class=\"\">\n    <div class=\"container\">\n        <div class=\"row\">\n            <div class=\"col-md-12 reveal fadeInLeft\">\n                <div class=\"text-holder\">\n                        <h2>8 REASONS TO OPEN A DECIS\u00d5ES E SOLU\u00c7\u00d5ES AGENCY<\/h2>\n                    <p><div class=\"reasons-section\">\n<div class=\"reasons-cards\">\n<article class=\"reason-card\"><span class=\"number\">1<\/span>5 Business Areas<\/article>\n<article class=\"reason-card\"><span class=\"number\">2<\/span>Brand Credibility<\/article>\n<article class=\"reason-card\"><span class=\"number\">3<\/span>Free training<\/article>\n<article class=\"reason-card\"><span class=\"number\">4<\/span>Initial and ongoing support<\/article>\n<article class=\"reason-card\"><span class=\"number\">5<\/span>Exclusive CRM and Management Program<\/article>\n<article class=\"reason-card\"><span class=\"number\">6<\/span>High profitability<\/article>\n<article class=\"reason-card\"><span class=\"number\">7<\/span>No Geographical Limits<\/article>\n<article class=\"reason-card\"><span class=\"number\">8<\/span>Extremely Favorable Environment<\/article>\n<\/div>\n<\/div>\n<\/p>\n\n                                    <\/div>\n            <\/div>\n        <\/div>\n    <\/div>\n<\/section>\n\n\n<div style=\"height:6rem\" aria-hidden=\"true\" class=\"wp-block-spacer\"><\/div>\n\n\n<section id=\"block_6582da4ae8ebc\" class=\"text-image-section \">\n    <div class=\"container\">\n        <div class=\"row\">\n            <div class=\"col-12 col-lg-6 reveal fadeInLeft\">\n                <div class=\"text-holder\">\n\n                        <h2>The Company<\/h2>\n                    <p><p>DECIS\u00d5ES E SOLU\u00c7\u00d5ES is a Portuguese company of great prestige and recognized credibility in our country, being the market leader in its business segment. The growing number of presences in the most important social media and marketing media, from north to south of the country, are a mirror of the professionalism and effectiveness with which this network of agencies approaches an increasingly demanding and informed market.<\/p><\/p>\n\n                                    <\/div>\n            <\/div>\n            <div class=\"col-12 col-lg-6 col-img reveal fadeInLeft\">\n                <figure class=\"img-holder\">\n                                                            <img src=\"https:\/\/www.ds360.pt\/wp-content\/uploads\/2023\/12\/Mobile_Empresa-1.png\" alt=\"Company\">\n                                                        <\/figure>\n            <\/div>\n        <\/div>\n    <\/div>\n<\/section>\n<!-- .text-image-section -->\n\n<section id=\"block_65830b8993eda\" class=\"text-image-section reverse\">\n    <div class=\"container\">\n        <div class=\"row\">\n            <div class=\"col-12 col-lg-6 reveal fadeInLeft\">\n                <div class=\"text-holder\">\n\n                        <h2>Benefits<\/h2>\n                    <p><ul class=\"list-business\">\r\n<li>Brand<\/li>\r\n<li>Ongoing training and constant support<\/li>\r\n<li>DS technology<\/li>\r\n<li>Strong support structure at national level<\/li>\r\n<li>Partnerships of excellence in the 5 areas of activity<\/li>\r\n <\/ul>\r\n\r\n<p>IF YOU WOULD LIKE MORE INFORMATION, SEND US YOUR DETAILS AND WE WILL CONTACT YOU.<\/p>\r\n\r\n<p>Applications: <a href=\"mailtoinfo@decisoesesolucoes.com:\">info@decisoesesolucoes.com<\/a><\/p><\/p>\n\n                                    <\/div>\n            <\/div>\n            <div class=\"col-12 col-lg-6 col-img reveal fadeInLeft\">\n                <figure class=\"img-holder\">\n                                                            <img src=\"https:\/\/www.ds360.pt\/wp-content\/uploads\/2023\/12\/busy-business-people-walking.jpg\" alt=\"Busy business people walking\">\n                                                        <\/figure>\n            <\/div>\n        <\/div>\n    <\/div>\n<\/section>\n<!-- .text-image-section -->\n\n\n<div style=\"height:6rem\" aria-hidden=\"true\" class=\"wp-block-spacer\"><\/div>\n\n\n<section id=\"block_6597f0489ff6c\" class=\"\">\n    <div class=\"container\">\n        <div class=\"row\">\n            <div class=\"col-md-12 reveal fadeInLeft\">\n                <div class=\"text-holder\">\n                        <h2>WOULD YOU LIKE TO HAVE A BUSINESS WITH 360\u00ba SOLUTIONS IN PARTNERSHIP WITH A MARKET LEADER?<\/h2>\n                    <p><p>&nbsp;<\/p>\n<p>&nbsp;<\/p>\n<div class=\"wpcf7 no-js\" id=\"wpcf7-f1910-o1\" lang=\"en-US\" dir=\"ltr\">\n<div class=\"screen-reader-response\"><p role=\"status\" aria-live=\"polite\" aria-atomic=\"true\"><\/p> <ul><\/ul><\/div>\n<form action=\"\/en\/wp-json\/wp\/v2\/pages\/638#wpcf7-f1910-o1\" method=\"post\" class=\"wpcf7-form init\" aria-label=\"Contact form\" novalidate=\"novalidate\" data-status=\"init\">\n<div style=\"display: none;\">\n<input type=\"hidden\" name=\"_wpcf7\" value=\"1910\" \/>\n<input type=\"hidden\" name=\"_wpcf7_version\" value=\"5.7.2\" \/>\n<input type=\"hidden\" name=\"_wpcf7_locale\" value=\"en_US\" \/>\n<input type=\"hidden\" name=\"_wpcf7_unit_tag\" value=\"wpcf7-f1910-o1\" \/>\n<input type=\"hidden\" name=\"_wpcf7_container_post\" value=\"0\" \/>\n<input type=\"hidden\" name=\"_wpcf7_posted_data_hash\" value=\"\" \/>\n<input type=\"hidden\" name=\"_uacf7_hidden_conditional_fields\" value=\"\" \/>\n<\/div>\n<div class=\"uacf7-form-1910\"><div class=\"container-form\">\n<div class=\"form-group\">\n<label for=\"your-name\" class=\"visually-hidden\">Name<\/label>\n    <span class=\"wpcf7-form-control-wrap\" data-name=\"your-name\"><input size=\"40\" class=\"wpcf7-form-control wpcf7-text wpcf7-validates-as-required form-control\" id=\"your-name\" aria-required=\"true\" aria-invalid=\"false\" placeholder=\"Name\" value=\"\" type=\"text\" name=\"your-name\" \/><\/span>\n<\/div>\n\n<div class=\"form-row\">\n    <div class=\"form-group col-md-6\">\n<label for=\"your-email\" class=\"visually-hidden\">Email<\/label>\n        <span class=\"wpcf7-form-control-wrap\" data-name=\"your-email\"><input size=\"40\" class=\"wpcf7-form-control wpcf7-text wpcf7-email wpcf7-validates-as-required wpcf7-validates-as-email form-control\" id=\"your-email\" aria-required=\"true\" aria-invalid=\"false\" placeholder=\"Email\" value=\"\" type=\"email\" name=\"your-email\" \/><\/span>\n    <\/div>\n    <div class=\"form-group col-md-6\">\n<label for=\"your-telephone\" class=\"visually-hidden\">Telefone<\/label>\n        <span class=\"wpcf7-form-control-wrap\" data-name=\"your-telephone\"><input size=\"40\" class=\"wpcf7-form-control wpcf7-text wpcf7-tel wpcf7-validates-as-tel form-control\" id=\"your-telephone\" aria-invalid=\"false\" placeholder=\"Phone\" value=\"\" type=\"tel\" name=\"your-telephone\" \/><\/span>\n    <\/div>\n<\/div>\n<div class=\"form-row\">\n<div class=\"form-group col-md-4\">\n<span class=\"wpcf7-form-control-wrap\" data-name=\"distritos\"><select class=\"wpcf7-form-control wpcf7-select wpcf7-validates-as-required\" id=\"distritos\" aria-required=\"true\" aria-invalid=\"false\" name=\"distritos\"><option value=\"\">District<\/option><\/select><\/span>\n<\/div>\n<div class=\"form-group col-md-4\">\n<span class=\"wpcf7-form-control-wrap\" data-name=\"concelhos\"><select class=\"wpcf7-form-control wpcf7-select wpcf7-validates-as-required\" id=\"concelhos\" aria-required=\"true\" aria-invalid=\"false\" name=\"concelhos\"><option value=\"\">Council<\/option><\/select><\/span>\n<\/div>\n<div class=\"form-group col-md-4\">\n<span class=\"wpcf7-form-control-wrap\" data-name=\"freguesias\"><select class=\"wpcf7-form-control wpcf7-select wpcf7-validates-as-required\" id=\"freguesias\" aria-required=\"true\" aria-invalid=\"false\" name=\"freguesias\"><option value=\"\">Parish<\/option><\/select><\/span>\n<\/div>\n<\/div>\n<div class=\"form-group\">\n<label for=\"your-location\" class=\"visually-hidden\">Preferred Location<\/label>\n    <span class=\"wpcf7-form-control-wrap\" data-name=\"your-location\"><input size=\"40\" class=\"wpcf7-form-control wpcf7-text wpcf7-validates-as-required form-control\" id=\"your-location\" aria-required=\"true\" aria-invalid=\"false\" placeholder=\"Preferred location\" value=\"\" type=\"text\" name=\"your-location\" \/><\/span>\n<\/div>\n<div class=\"form-group\">\n<label for=\"your-message\" class=\"visually-hidden\">Other Useful information<\/label>\n    <span class=\"wpcf7-form-control-wrap\" data-name=\"your-message\"><textarea cols=\"40\" rows=\"10\" class=\"wpcf7-form-control wpcf7-textarea wpcf7-validates-as-required form-control\" id=\"your-message\" aria-required=\"true\" aria-invalid=\"false\" placeholder=\"Other useful information\" name=\"your-message\"><\/textarea><\/span>\n<\/div>\n\n<div class=\"form-row\">\n    <div class=\"form-check form-group col-lg-8\">\n        <span class=\"wpcf7-form-control-wrap\" data-name=\"your-consent\"><span class=\"wpcf7-form-control wpcf7-acceptance\"><span class=\"wpcf7-list-item\"><label><input type=\"checkbox\" name=\"your-consent\" value=\"1\" class=\"form-check-input ml-0\" aria-invalid=\"false\" \/><span class=\"wpcf7-list-item-label\">I accept the <a href=\"privacy-policy\">Privacy Policy and Terms of Service<\/a>.*<\/span><\/label><\/span><\/span><\/span>\n    <\/div>\n<\/div>\n<div class=\"form-row\" style=\"margin: 15px 0; padding: 0; align-items: center;\">\n    <div class=\"form-check form-group col-lg-6\">\n        <div id=\"cf7sr-69e17d9d9cb6a\" class=\"cf7sr-g-hcaptcha\" data-theme=\"light\" data-size=\"normal\" data-sitekey=\"57984712-678c-4490-ac20-fba86a3ee742\"><\/div><span class=\"wpcf7-form-control-wrap cf7sr-hcaptcha\" data-name=\"cf7sr-hcaptcha\"><input type=\"hidden\" name=\"cf7sr-hcaptcha\" value=\"\" class=\"wpcf7-form-control\"><\/span>\n    <\/div>\n    <div class=\"form-group col-lg-6 d-flex justify-content-end\">\n\t<input class=\"wpcf7-form-control has-spinner wpcf7-submit btn btn-dark mt-0\" type=\"submit\" value=\"SUBMIT\" \/>\n    <\/div>\n<\/div>\n<\/div><\/div><div class=\"wpcf7-response-output\" aria-hidden=\"true\"><\/div><\/form><\/div>\n<p>&nbsp;<\/p>\n<p>&nbsp;<\/p>\n<\/p>\n\n                                    <\/div>\n            <\/div>\n        <\/div>\n    <\/div>\n<\/section>\n\n\n<div style=\"height:6rem\" aria-hidden=\"true\" class=\"wp-block-spacer\"><\/div>\n\n\n    <section class=\"accordion-section\">\r\n        <div class=\"container\">\r\n                                        <h2>FAQ&#039;s<\/h2>\r\n                        \r\n                                                <button class=\"accordion\">1. How does the expansion process work?<\/button>\r\n                    <div class=\"panel\">\r\n                        <p><p>Submit your contact details on the form and you will be contacted by an Expansion Director (ED), who will guide you through this process.<\/p>\n<p>The DECIS\u00d5ES E SOLU\u00c7\u00d5ES business model will be presented to you at a meeting to be scheduled with the ED.<\/p>\n<p>If your application is approved, you will be contacted for a second meeting.<\/p>\n<\/p>\r\n                    <\/div>\r\n                                    <button class=\"accordion\">2. Who is the ideal candidate?<\/button>\r\n                    <div class=\"panel\">\r\n                        <p><p>Candidates may come from all types of backgrounds and skill sets. The qualities of a Store Manager include a strong entrepreneurial spirit, great enthusiasm, personal motivation, efficient organisational skills, and a desire to take on new challenges.<\/p>\n<\/p>\r\n                    <\/div>\r\n                                    <button class=\"accordion\">3. How many business areas of DECIS\u00d5ES E SOLU\u00c7\u00d5ES are covered?<\/button>\r\n                    <div class=\"panel\">\r\n                        <p><p>The five business areas of the DECIS\u00d5ES E SOLU\u00c7\u00d5ES network are included:<\/p>\n<ul>\n<li>Real Estate Brokerage<\/li>\n<li>Credit Intermediation<\/li>\n<li>Insurance Brokerage<\/li>\n<li>Construction Works<\/li>\n<li>Property Development<\/li>\n<\/ul>\n<\/p>\r\n                    <\/div>\r\n                                    <button class=\"accordion\">4. Can I open a DECIS\u00d5ES E SOLU\u00c7\u00d5ES shop anywhere in the country?<\/button>\r\n                    <div class=\"panel\">\r\n                        <p><p>Yes, the expansion process of DECIS\u00d5ES E SOLU\u00c7\u00d5ES aims to open stores in all major towns and cities in our country. However, the Expansion Director will inform you of the available locations.<\/p>\n<\/p>\r\n                    <\/div>\r\n                                    <button class=\"accordion\">5. Is it necessary to have experience in the areas in which DECIS\u00d5ES E SOLU\u00c7\u00d5ES operates?<\/button>\r\n                    <div class=\"panel\">\r\n                        <p><p>No experience in any of these areas is necessary, as the DECIS\u00d5ES E SOLU\u00c7\u00d5ES training programme covers all areas from A to Z. Our focus is on ensuring that all our employees are as professional as possible, as this is the only way we can provide personalised advice with 360\u00ba Solutions. The training is completely free of charge.<\/p>\n<\/p>\r\n                    <\/div>\r\n                            \r\n        <\/div>\r\n    <\/section>\r\n\r\n<script>\r\nfunction toggleAccordion(element) {\r\n    const wasActive = element.classList.contains(\"active\");\r\n\r\n    \/\/ Primeiro, feche todos os pain\u00e9is\r\n    const accordions = document.getElementsByClassName(\"accordion\");\r\n    Array.prototype.forEach.call(accordions, function(accordion) {\r\n        accordion.classList.remove(\"active\");\r\n        accordion.nextElementSibling.style.maxHeight = null;\r\n    });\r\n\r\n    \/\/ Se o elemento clicado n\u00e3o estava ativo antes, abra-o\r\n    if (!wasActive) {\r\n        element.classList.add(\"active\");\r\n        const panel = element.nextElementSibling;\r\n        panel.style.maxHeight = panel.scrollHeight + \"px\";\r\n    }\r\n}\r\nfunction initializeAccordion(element) {\r\n    element.addEventListener(\"click\", function() {\r\n        toggleAccordion(element);\r\n    });\r\n}\r\nconst accordions = document.getElementsByClassName(\"accordion\");\r\nArray.prototype.forEach.call(accordions, function(accordion) {\r\n    initializeAccordion(accordion);\r\n});\r\n<\/script>\n\n\n<div style=\"height:6rem\" aria-hidden=\"true\" class=\"wp-block-spacer\"><\/div>\n","protected":false},"excerpt":{"rendered":"","protected":false},"author":2,"featured_media":0,"parent":0,"menu_order":0,"comment_status":"closed","ping_status":"closed","template":"","meta":{"inline_featured_image":false,"_monsterinsights_skip_tracking":false,"_monsterinsights_sitenote_active":false,"_monsterinsights_sitenote_note":"","_monsterinsights_sitenote_category":0},"acf":[],"aioseo_notices":[],"_links":{"self":[{"href":"https:\/\/www.ds360.pt\/en\/wp-json\/wp\/v2\/pages\/638"}],"collection":[{"href":"https:\/\/www.ds360.pt\/en\/wp-json\/wp\/v2\/pages"}],"about":[{"href":"https:\/\/www.ds360.pt\/en\/wp-json\/wp\/v2\/types\/page"}],"author":[{"embeddable":true,"href":"https:\/\/www.ds360.pt\/en\/wp-json\/wp\/v2\/users\/2"}],"replies":[{"embeddable":true,"href":"https:\/\/www.ds360.pt\/en\/wp-json\/wp\/v2\/comments?post=638"}],"version-history":[{"count":84,"href":"https:\/\/www.ds360.pt\/en\/wp-json\/wp\/v2\/pages\/638\/revisions"}],"predecessor-version":[{"id":23477,"href":"https:\/\/www.ds360.pt\/en\/wp-json\/wp\/v2\/pages\/638\/revisions\/23477"}],"wp:attachment":[{"href":"https:\/\/www.ds360.pt\/en\/wp-json\/wp\/v2\/media?parent=638"}],"curies":[{"name":"wp","href":"https:\/\/api.w.org\/{rel}","templated":true}]}}