{"id":553,"date":"2023-12-20T11:06:45","date_gmt":"2023-12-20T11:06:45","guid":{"rendered":"https:\/\/beta.decisoesesolucoes.com\/?page_id=553"},"modified":"2024-05-14T10:08:36","modified_gmt":"2024-05-14T09:08:36","slug":"construction-mediation","status":"publish","type":"page","link":"https:\/\/www.ds360.pt\/en\/construction-mediation\/","title":{"rendered":"Construction Mediation"},"content":{"rendered":"\n<section id=\"block_6582c6bce5565\" class=\"intro-inner-section intro-section\">\n\n    <figure class=\"bg-img\">\n                        <img src=\"https:\/\/www.ds360.pt\/wp-content\/uploads\/2023\/12\/Desktop_MedObras.jpg\" alt=\"CONSTRUCTION MEDIATION\">\n                    <\/figure>\n<\/section>\n<div id=\"block_6582c6bce5565-h1\" class=\"container reveal fadeInLeft\">\n        <h1>CONSTRUCTION MEDIATION<\/h1>\n    <\/div>\n<!-- .intro-inner-section -->\n\n\n\n<section id=\"block_6582c6e8e5566\" class=\"text-image-section \">\n    <div class=\"container\">\n        <div class=\"row\">\n            <div class=\"col-12 col-lg-6 reveal fadeInLeft\">\n                <div class=\"text-holder\">\n\n                        <h2>WANT TO EXTEND OR REFURBISH YOUR PROPERTY?<\/h2>\n                    <p><p>You can count on the experience of DECIS\u00d5ES E SOLU\u00c7\u00d5ES and the guarantee of selecting the partner that best suits your needs.<\/p>\r\n\r\n<p><span>We guarantee the best price\/quality ratio through exclusive protocols signed with highly credible companies in the market.<\/span><\/p>\r\n\r\n<p>When it comes to remodelling, guarantee quality, speed and efficiency and avoid worries!<\/p>\r\n\r\n<p>For more information, send us your details by filling in the form.<\/p><\/p>\n\n                                    <\/div>\n            <\/div>\n            <div class=\"col-12 col-lg-6 col-img reveal fadeInLeft\">\n                <figure class=\"img-holder\">\n                                                            <img src=\"https:\/\/www.ds360.pt\/wp-content\/uploads\/2023\/12\/young-couple-moving-into-new-home-1.jpg\" alt=\"young couple moving into new home\">\n                                                        <\/figure>\n            <\/div>\n        <\/div>\n    <\/div>\n<\/section>\n<!-- .text-image-section -->\n\n\n<section id=\"block_65a00b8c23e4c\" class=\"banner-section intro-inner-section\">\n    <div class=\"container reveal fadeInLeft\">\n                <h2>A TAILOR-MADE LOAN?  <br> <span>WE&#8217;LL HELP YOU<\/span><\/h2>\n                                <a href=\"https:\/\/www.decisoesesolucoes.com\/en\/credit-intermediation\/\" class=\"btn btn-champagne\"\n            target=\"\">\n            Contact Us        <\/a>\n            <\/div>\n    <figure class=\"bg-img\">\n                        <img src=\"https:\/\/www.ds360.pt\/wp-content\/uploads\/2023\/12\/two-business-men-shaking-hands-while-their-colleag-2023-11-27-05-23-12-utc-1.jpg\" alt=\"Two business men shaking\">\n                    <\/figure>\n<\/section>\n<!-- .intro-inner-section -->\n\n\n\n\n<div style=\"height:6rem\" aria-hidden=\"true\" class=\"wp-block-spacer\"><\/div>\n\n\n<section id=\"block_6597ee154ea3a\" class=\"\">\n    <div class=\"container\">\n        <div class=\"row\">\n            <div class=\"col-md-12 reveal fadeInLeft\">\n                <div class=\"text-holder\">\n                                        <p><div class=\"wpcf7 no-js\" id=\"wpcf7-f1890-o1\" lang=\"en-US\" dir=\"ltr\">\n<div class=\"screen-reader-response\"><p role=\"status\" aria-live=\"polite\" aria-atomic=\"true\"><\/p> <ul><\/ul><\/div>\n<form action=\"\/en\/wp-json\/wp\/v2\/pages\/553#wpcf7-f1890-o1\" method=\"post\" class=\"wpcf7-form init\" aria-label=\"Contact form\" novalidate=\"novalidate\" data-status=\"init\">\n<div style=\"display: none;\">\n<input type=\"hidden\" name=\"_wpcf7\" value=\"1890\" \/>\n<input type=\"hidden\" name=\"_wpcf7_version\" value=\"5.7.2\" \/>\n<input type=\"hidden\" name=\"_wpcf7_locale\" value=\"en_US\" \/>\n<input type=\"hidden\" name=\"_wpcf7_unit_tag\" value=\"wpcf7-f1890-o1\" \/>\n<input type=\"hidden\" name=\"_wpcf7_container_post\" value=\"0\" \/>\n<input type=\"hidden\" name=\"_wpcf7_posted_data_hash\" value=\"\" \/>\n<input type=\"hidden\" name=\"_uacf7_hidden_conditional_fields\" value=\"\" \/>\n<\/div>\n<div class=\"uacf7-form-1890\"><style>.form-worksite .form-check-col {display:flex;flex-direction: column;} .form-worksite {margin: 15px 0 0 0;} .form-worksite .form-check-col .wpcf7-list-item{margin: 0;}.form-worksite .form-check-col .wpcf7-list-item label{margin: 0; display: flex; flex-direction: row; gap: 15px; align-items: center;}.form-worksite .form-check-col .wpcf7-list-item label input{width:auto;}.form-works-specialties .form-check-col{display: grid; grid-template-columns: 1fr 1fr 1fr;} .form-works-specialties .wpcf7-list-item{margin:0;} @media(max-width:767px){.form-works-specialties .form-check-col{display: grid; grid-template-columns: 1fr;}} <\/style>\n<div class=\"container-form\">\n<div class=\"form-group\">\n<label for=\"your-name\" class=\"visually-hidden\">Name<\/label>\n    <span class=\"wpcf7-form-control-wrap\" data-name=\"your-name\"><input size=\"40\" class=\"wpcf7-form-control wpcf7-text wpcf7-validates-as-required form-control\" id=\"your-name\" aria-required=\"true\" aria-invalid=\"false\" placeholder=\"Name*\" value=\"\" type=\"text\" name=\"your-name\" \/><\/span>\n<\/div>\n\n<div class=\"form-row\">\n    <div class=\"form-group col-md-6\">\n<label for=\"your-email\" class=\"visually-hidden\">Email<\/label>\n        <span class=\"wpcf7-form-control-wrap\" data-name=\"your-email\"><input size=\"40\" class=\"wpcf7-form-control wpcf7-text wpcf7-email wpcf7-validates-as-required wpcf7-validates-as-email form-control\" id=\"your-email\" aria-required=\"true\" aria-invalid=\"false\" placeholder=\"Email*\" value=\"\" type=\"email\" name=\"your-email\" \/><\/span>\n    <\/div>\n    <div class=\"form-group col-md-6\">\n<label for=\"your-telephone\" class=\"visually-hidden\">Phone<\/label>\n        <span class=\"wpcf7-form-control-wrap\" data-name=\"your-telephone\"><input size=\"40\" class=\"wpcf7-form-control wpcf7-text wpcf7-tel wpcf7-validates-as-tel form-control\" id=\"your-telephone\" aria-invalid=\"false\" placeholder=\"Phone\" value=\"\" type=\"tel\" name=\"your-telephone\" \/><\/span>\n    <\/div>\n<\/div>\n<div class=\"form-row\">\n<div class=\"form-group col-md-6\">\n        <span class=\"wpcf7-form-control-wrap\" data-name=\"appointment-time\"><select class=\"wpcf7-form-control wpcf7-select wpcf7-validates-as-required\" aria-required=\"true\" aria-invalid=\"false\" name=\"appointment-time\"><option value=\"\">Ideal contact times<\/option><option value=\"9h - 12h\">9h &#8211; 12h<\/option><option value=\"12h - 14h\">12h &#8211; 14h<\/option><option value=\"14h - 18h\">14h &#8211; 18h<\/option><option value=\"18h - 21h\">18h &#8211; 21h<\/option><\/select><\/span>\n    <\/div>\n<div class=\"form-group col-md-6\">\n<span class=\"wpcf7-form-control-wrap\" data-name=\"agency\"><select class=\"wpcf7-form-control wpcf7-select wpcf7-validates-as-required\" aria-required=\"true\" aria-invalid=\"false\" name=\"agency\"><option value=\"\">Choose an agency<\/option><option value=\"DS VILA NOVA DE FAMALICAO CENTRO\">DS VILA NOVA DE FAMALICAO CENTRO<\/option><option value=\"DS ABRANTES\">DS ABRANTES<\/option><option value=\"DS ALBERGARIA A VELHA\">DS ALBERGARIA A VELHA<\/option><option value=\"DS ALBUFEIRA\">DS ALBUFEIRA<\/option><option value=\"DS ALENQUER\">DS ALENQUER<\/option><option value=\"DS ALMADA ATRIUM\">DS ALMADA ATRIUM<\/option><option value=\"DS ALMADA PARQUE DA PAZ\">DS ALMADA PARQUE DA PAZ<\/option><option value=\"DS ALVERCA\">DS ALVERCA<\/option><option value=\"DS AMARANTE\">DS AMARANTE<\/option><option value=\"DS ANADIA\">DS ANADIA<\/option><option value=\"DS AVEIRO CENTRO\">DS AVEIRO CENTRO<\/option><option value=\"DS AVEIRO VERA CRUZ\">DS AVEIRO VERA CRUZ<\/option><option value=\"DS BAIXA DA BANHEIRA\">DS BAIXA DA BANHEIRA<\/option><option value=\"DS BARCELOS\">DS BARCELOS<\/option><option value=\"DS BARCELOS CENTRO\">DS BARCELOS CENTRO<\/option><option value=\"DS BARREIRO ALTO SEIXALINHO\">DS BARREIRO ALTO SEIXALINHO<\/option><option value=\"DS BARREIRO FIDALGUINHOS\">DS BARREIRO FIDALGUINHOS<\/option><option value=\"DS BARREIRO RIO\">DS BARREIRO RIO<\/option><option value=\"DS BASTO\">DS BASTO<\/option><option value=\"DS BELMONTE\">DS BELMONTE<\/option><option value=\"DS BOBADELA CENTRO\">DS BOBADELA CENTRO<\/option><option value=\"DS BRAGA CENTRO\">DS BRAGA CENTRO<\/option><option value=\"DS BRAGA LIBERDADE\">DS BRAGA LIBERDADE<\/option><option value=\"DS BRAGA NOGUEIR\u00d3\">DS BRAGA NOGUEIR\u00d3<\/option><option value=\"DS BRAGAN\u00c7A\">DS BRAGAN\u00c7A<\/option><option value=\"DS CALDAS DA RAINHA\">DS CALDAS DA RAINHA<\/option><option value=\"DS CAMPO ALEGRE\">DS CAMPO ALEGRE<\/option><option value=\"DS CARNAXIDE\">DS CARNAXIDE<\/option><option value=\"DS CASCAIS\">DS CASCAIS<\/option><option value=\"DS CHARNECA DA CAPARICA\">DS CHARNECA DA CAPARICA<\/option><option value=\"DS COIMBRA\">DS COIMBRA<\/option><option value=\"DS COVILH\u00c3\">DS COVILH\u00c3<\/option><option value=\"DS ENTRONCAMENTO\">DS ENTRONCAMENTO<\/option><option value=\"DS ENTRONCAMENTO E.LECLERC\">DS ENTRONCAMENTO E.LECLERC<\/option><option value=\"DS ERICEIRA\">DS ERICEIRA<\/option><option value=\"DS ERMESINDE\">DS ERMESINDE<\/option><option value=\"DS ESPINHO\">DS ESPINHO<\/option><option value=\"DS ESPOSENDE\">DS ESPOSENDE<\/option><option value=\"DS FARO AVENIDA\">DS FARO AVENIDA<\/option><option value=\"DS F\u00c1TIMA\">DS F\u00c1TIMA<\/option><option value=\"DS FIGUEIRA DA FOZ\">DS FIGUEIRA DA FOZ<\/option><option value=\"DS GONDOMAR\">DS GONDOMAR<\/option><option value=\"DS GUARDA\">DS GUARDA<\/option><option value=\"DS GUIMAR\u00c3ES AZUR\u00c9M\">DS GUIMAR\u00c3ES AZUR\u00c9M<\/option><option value=\"DS GUIMAR\u00c3ES CENTRO\">DS GUIMAR\u00c3ES CENTRO<\/option><option value=\"DS GUIMAR\u00c3ES QUINT\u00c3\">DS GUIMAR\u00c3ES QUINT\u00c3<\/option><option value=\"DS INFANTADO\">DS INFANTADO<\/option><option value=\"DS LAGOA\">DS LAGOA<\/option><option value=\"DS LEIRIA CENTRO\">DS LEIRIA CENTRO<\/option><option value=\"DS LISBOA ALVALADE\">DS LISBOA ALVALADE<\/option><option value=\"DS LISBOA AV. BERNA\">DS LISBOA AV. BERNA<\/option><option value=\"DS LISBOA BENFICA\">DS LISBOA BENFICA<\/option><option value=\"DS LISBOA PARQUE DAS NA\u00c7\u00d5ES\">DS LISBOA PARQUE DAS NA\u00c7\u00d5ES<\/option><option value=\"DS LISBOA SALDANHA\">DS LISBOA SALDANHA<\/option><option value=\"DS LISBOA TELHEIRAS\">DS LISBOA TELHEIRAS<\/option><option value=\"DS LOUL\u00c9\">DS LOUL\u00c9<\/option><option value=\"DS LOURES\">DS LOURES<\/option><option value=\"DS LOURINH\u00c3\">DS LOURINH\u00c3<\/option><option value=\"DS MAFRA\">DS MAFRA<\/option><option value=\"DS MATOSINHOS Sr\u00aa DA HORA\">DS MATOSINHOS Sr\u00aa DA HORA<\/option><option value=\"DS MOITA\">DS MOITA<\/option><option value=\"DS MONTIJO AEROPORTO\">DS MONTIJO AEROPORTO<\/option><option value=\"DS MONTIJO CENTRO\">DS MONTIJO CENTRO<\/option><option value=\"DS MOREIRA DA MAIA\">DS MOREIRA DA MAIA<\/option><option value=\"DS ODIVELAS\">DS ODIVELAS<\/option><option value=\"DS OEIRAS\">DS OEIRAS<\/option><option value=\"DS OLIVEIRA DE AZEMEIS\">DS OLIVEIRA DE AZEMEIS<\/option><option value=\"DS OUR\u00c9M\">DS OUR\u00c9M<\/option><option value=\"DS PA\u00c7OS FERREIRA\">DS PA\u00c7OS FERREIRA<\/option><option value=\"DS PALMELA\">DS PALMELA<\/option><option value=\"DS PONTA DELGADA\">DS PONTA DELGADA<\/option><option value=\"DS PONTE DE SOR\">DS PONTE DE SOR<\/option><option value=\"DS PORTALEGRE\">DS PORTALEGRE<\/option><option value=\"DS PORTIM\u00c3O\">DS PORTIM\u00c3O<\/option><option value=\"DS PORTO BESSA\">DS PORTO BESSA<\/option><option value=\"DS PORTO FERN\u00c3O DE MAGALH\u00c3ES\">DS PORTO FERN\u00c3O DE MAGALH\u00c3ES<\/option><option value=\"DS P\u00d3VOA VARZIM\">DS P\u00d3VOA VARZIM<\/option><option value=\"DS SANTA MARIA DA FEIRA\">DS SANTA MARIA DA FEIRA<\/option><option value=\"DS SANTAR\u00c9M\">DS SANTAR\u00c9M<\/option><option value=\"DS SEIXAL\">DS SEIXAL<\/option><option value=\"DS SESIMBRA\">DS SESIMBRA<\/option><option value=\"DS SET\u00daBAL\">DS SET\u00daBAL<\/option><option value=\"DS SINTRA\">DS SINTRA<\/option><option value=\"DS SOBRAL DE MONTE AGRA\u00c7O\">DS SOBRAL DE MONTE AGRA\u00c7O<\/option><option value=\"DS TAVIRA\">DS TAVIRA<\/option><option value=\"DS TOMAR\">DS TOMAR<\/option><option value=\"DS TONDELA\">DS TONDELA<\/option><option value=\"DS TORRES NOVAS\">DS TORRES NOVAS<\/option><option value=\"DS TORRES VEDRAS CENTRO\">DS TORRES VEDRAS CENTRO<\/option><option value=\"DS VAGOS\">DS VAGOS<\/option><option value=\"DS VIANA DO CASTELO SANTA LUZIA\">DS VIANA DO CASTELO SANTA LUZIA<\/option><option value=\"DS VIEIRA DO MINHO\">DS VIEIRA DO MINHO<\/option><option value=\"DS VILA DO CONDE\">DS VILA DO CONDE<\/option><option value=\"DS VILA FRANCA DE XIRA\">DS VILA FRANCA DE XIRA<\/option><option value=\"DS VILA NOVA DE FAMALIC\u00c3O\">DS VILA NOVA DE FAMALIC\u00c3O<\/option><option value=\"DS VILA NOVA DE GAIA AV REP\u00daBLICA\">DS VILA NOVA DE GAIA AV REP\u00daBLICA<\/option><option value=\"DS VILA NOVA DE GAIA DESCOBRIMENTOS\">DS VILA NOVA DE GAIA DESCOBRIMENTOS<\/option><option value=\"DS VILA NOVA DE GAIA DOURO\">DS VILA NOVA DE GAIA DOURO<\/option><option value=\"DS VILA NOVA DE SANTO ANDR\u00c9\">DS VILA NOVA DE SANTO ANDR\u00c9<\/option><option value=\"DS VILA POUCA DE AGUIAR\">DS VILA POUCA DE AGUIAR<\/option><option value=\"DS VILA PRAIA DE ANCORA\">DS VILA PRAIA DE ANCORA<\/option><option value=\"DS VILA VERDE\">DS VILA VERDE<\/option><option value=\"DS VISEU\">DS VISEU<\/option><option value=\"DS VIZELA\">DS VIZELA<\/option><option value=\"DS VN BARQUINHA\">DS VN BARQUINHA<\/option><\/select><\/span>\n<\/div>\n<\/div>\n<div class=\"form-row\">\n<div class=\"form-group col-md-4\">\n<span class=\"wpcf7-form-control-wrap\" data-name=\"distritos\"><select class=\"wpcf7-form-control wpcf7-select wpcf7-validates-as-required\" id=\"distritos\" aria-required=\"true\" aria-invalid=\"false\" name=\"distritos\"><option value=\"\">District<\/option><\/select><\/span>\n<\/div>\n<div class=\"form-group col-md-4\">\n<span class=\"wpcf7-form-control-wrap\" data-name=\"concelhos\"><select class=\"wpcf7-form-control wpcf7-select wpcf7-validates-as-required\" id=\"concelhos\" aria-required=\"true\" aria-invalid=\"false\" name=\"concelhos\"><option value=\"\">Council<\/option><\/select><\/span>\n<\/div>\n<div class=\"form-group col-md-4\">\n<span class=\"wpcf7-form-control-wrap\" data-name=\"freguesias\"><select class=\"wpcf7-form-control wpcf7-select wpcf7-validates-as-required\" id=\"freguesias\" aria-required=\"true\" aria-invalid=\"false\" name=\"freguesias\"><option value=\"\">Parish<\/option><\/select><\/span>\n<\/div>\n<\/div>\n<div class=\"form-group form-works-specialties\">\n<label>Specialities you need for your work*<\/label>\n<span class=\"wpcf7-form-control-wrap\" data-name=\"especialidade-obra\"><span class=\"wpcf7-form-control wpcf7-checkbox wpcf7-validates-as-required form-check-col\"><span class=\"wpcf7-list-item first\"><label><input type=\"checkbox\" name=\"especialidade-obra[]\" value=\"Masonry\" tabindex=\"\" \/><span class=\"wpcf7-list-item-label\">Masonry<\/span><\/label><\/span><span class=\"wpcf7-list-item\"><label><input type=\"checkbox\" name=\"especialidade-obra[]\" value=\"Attic\" tabindex=\"\" \/><span class=\"wpcf7-list-item-label\">Attic<\/span><\/label><\/span><span class=\"wpcf7-list-item\"><label><input type=\"checkbox\" name=\"especialidade-obra[]\" value=\"Heating\" tabindex=\"\" \/><span class=\"wpcf7-list-item-label\">Heating<\/span><\/label><\/span><span class=\"wpcf7-list-item\"><label><input type=\"checkbox\" name=\"especialidade-obra[]\" value=\"Air conditioning\" tabindex=\"\" \/><span class=\"wpcf7-list-item-label\">Air conditioning<\/span><\/label><\/span><span class=\"wpcf7-list-item\"><label><input type=\"checkbox\" name=\"especialidade-obra[]\" value=\"Plumbing\" tabindex=\"\" \/><span class=\"wpcf7-list-item-label\">Plumbing<\/span><\/label><\/span><span class=\"wpcf7-list-item\"><label><input type=\"checkbox\" name=\"especialidade-obra[]\" value=\"Carpentry\" tabindex=\"\" \/><span class=\"wpcf7-list-item-label\">Carpentry<\/span><\/label><\/span><span class=\"wpcf7-list-item\"><label><input type=\"checkbox\" name=\"especialidade-obra[]\" value=\"Bathroom\" tabindex=\"\" \/><span class=\"wpcf7-list-item-label\">Bathroom<\/span><\/label><\/span><span class=\"wpcf7-list-item\"><label><input type=\"checkbox\" name=\"especialidade-obra[]\" value=\"Construction\" tabindex=\"\" \/><span class=\"wpcf7-list-item-label\">Construction<\/span><\/label><\/span><span class=\"wpcf7-list-item\"><label><input type=\"checkbox\" name=\"especialidade-obra[]\" value=\"Site coordination\" tabindex=\"\" \/><span class=\"wpcf7-list-item-label\">Site coordination<\/span><\/label><\/span><span class=\"wpcf7-list-item\"><label><input type=\"checkbox\" name=\"especialidade-obra[]\" value=\"Kitchens\" tabindex=\"\" \/><span class=\"wpcf7-list-item-label\">Kitchens<\/span><\/label><\/span><span class=\"wpcf7-list-item\"><label><input type=\"checkbox\" name=\"especialidade-obra[]\" value=\"Decoration\" tabindex=\"\" \/><span class=\"wpcf7-list-item-label\">Decoration<\/span><\/label><\/span><span class=\"wpcf7-list-item\"><label><input type=\"checkbox\" name=\"especialidade-obra[]\" value=\"Demolition\" tabindex=\"\" \/><span class=\"wpcf7-list-item-label\">Demolition<\/span><\/label><\/span><span class=\"wpcf7-list-item\"><label><input type=\"checkbox\" name=\"especialidade-obra[]\" value=\"Miscellaneous\" tabindex=\"\" \/><span class=\"wpcf7-list-item-label\">Miscellaneous<\/span><\/label><\/span><span class=\"wpcf7-list-item\"><label><input type=\"checkbox\" name=\"especialidade-obra[]\" value=\"Electricity\" tabindex=\"\" \/><span class=\"wpcf7-list-item-label\">Electricity<\/span><\/label><\/span><span class=\"wpcf7-list-item\"><label><input type=\"checkbox\" name=\"especialidade-obra[]\" value=\"Renewable energies\" tabindex=\"\" \/><span class=\"wpcf7-list-item-label\">Renewable energies<\/span><\/label><\/span><span class=\"wpcf7-list-item\"><label><input type=\"checkbox\" name=\"especialidade-obra[]\" value=\"Green spaces\" tabindex=\"\" \/><span class=\"wpcf7-list-item-label\">Green spaces<\/span><\/label><\/span><span class=\"wpcf7-list-item\"><label><input type=\"checkbox\" name=\"especialidade-obra[]\" value=\"Studies and projects\" tabindex=\"\" \/><span class=\"wpcf7-list-item-label\">Studies and projects<\/span><\/label><\/span><span class=\"wpcf7-list-item last\"><label><input type=\"checkbox\" name=\"especialidade-obra[]\" value=\"Expansion\" tabindex=\"\" \/><span class=\"wpcf7-list-item-label\">Expansion<\/span><\/label><\/span><\/span><\/span>\n<\/div>\n<div class=\"form-row\" style=\"margin-bottom: 15px;\">\n<div class=\"form-group col-md-12 form-worksite\">\n<label>Specialities you need for your work*<\/label>\n<span class=\"wpcf7-form-control-wrap\" data-name=\"local-obras\"><span class=\"wpcf7-form-control wpcf7-checkbox wpcf7-validates-as-required form-check-col\"><span class=\"wpcf7-list-item first\"><label><input type=\"checkbox\" name=\"local-obras[]\" value=\"Apartment\" tabindex=\"\" \/><span class=\"wpcf7-list-item-label\">Apartment<\/span><\/label><\/span><span class=\"wpcf7-list-item\"><label><input type=\"checkbox\" name=\"local-obras[]\" value=\"House\" tabindex=\"\" \/><span class=\"wpcf7-list-item-label\">House<\/span><\/label><\/span><span class=\"wpcf7-list-item last\"><label><input type=\"checkbox\" name=\"local-obras[]\" value=\"Company\" tabindex=\"\" \/><span class=\"wpcf7-list-item-label\">Company<\/span><\/label><\/span><\/span><\/span>\n<\/div>\n<div class=\"form-group col-md-12 form-worksite\">\n<label>Type of Project*<\/label>\n<span class=\"wpcf7-form-control-wrap\" data-name=\"tipo-projecto\"><span class=\"wpcf7-form-control wpcf7-checkbox wpcf7-validates-as-required form-check-col\"><span class=\"wpcf7-list-item first\"><label><input type=\"checkbox\" name=\"tipo-projecto[]\" value=\"Remodelling\" tabindex=\"\" \/><span class=\"wpcf7-list-item-label\">Remodelling<\/span><\/label><\/span><span class=\"wpcf7-list-item\"><label><input type=\"checkbox\" name=\"tipo-projecto[]\" value=\"Extension\" tabindex=\"\" \/><span class=\"wpcf7-list-item-label\">Extension<\/span><\/label><\/span><span class=\"wpcf7-list-item last\"><label><input type=\"checkbox\" name=\"tipo-projecto[]\" value=\"Construction\" tabindex=\"\" \/><span class=\"wpcf7-list-item-label\">Construction<\/span><\/label><\/span><\/span><\/span>\n<\/div>\n<\/div>\n<div class=\"form-group\">\n<label for=\"your-message\" class=\"visually-hidden\">Other useful information<\/label>\n    <span class=\"wpcf7-form-control-wrap\" data-name=\"your-message\"><textarea cols=\"40\" rows=\"10\" class=\"wpcf7-form-control wpcf7-textarea wpcf7-validates-as-required form-control\" id=\"your-message\" aria-required=\"true\" aria-invalid=\"false\" placeholder=\"Other useful information\" name=\"your-message\"><\/textarea><\/span>\n<\/div>\n\n<div class=\"form-row\">\n    <div class=\"form-check form-group col-lg-8\">\n        <span class=\"wpcf7-form-control-wrap\" data-name=\"your-consent\"><span class=\"wpcf7-form-control wpcf7-acceptance\"><span class=\"wpcf7-list-item\"><label><input type=\"checkbox\" name=\"your-consent\" value=\"1\" class=\"form-check-input ml-0\" aria-invalid=\"false\" \/><span class=\"wpcf7-list-item-label\">I accept the <a href=\"privacy-policy\">Privacy Policy and Terms of Service<\/a>.*<\/span><\/label><\/span><\/span><\/span>\n    <\/div>\n<\/div>\n<div class=\"form-row\" style=\"margin: 15px 0; padding: 0; align-items: center;\">\n    <div class=\"form-check form-group col-lg-6\">\n        <div id=\"cf7sr-69e17d9d7b994\" class=\"cf7sr-g-hcaptcha\" data-theme=\"light\" data-size=\"normal\" data-sitekey=\"57984712-678c-4490-ac20-fba86a3ee742\"><\/div><span class=\"wpcf7-form-control-wrap cf7sr-hcaptcha\" data-name=\"cf7sr-hcaptcha\"><input type=\"hidden\" name=\"cf7sr-hcaptcha\" value=\"\" class=\"wpcf7-form-control\"><\/span>\n    <\/div>\n    <div class=\"form-group col-lg-6 d-flex justify-content-end\">\n\t<input class=\"wpcf7-form-control has-spinner wpcf7-submit btn btn-dark mt-0\" type=\"submit\" value=\"SUBMIT\" \/>\n    <\/div>\n<\/div>\n<\/div><\/div><div class=\"wpcf7-response-output\" aria-hidden=\"true\"><\/div><\/form><\/div>\n<\/p>\n\n                                    <\/div>\n            <\/div>\n        <\/div>\n    <\/div>\n<\/section>\n\n\n<div style=\"height:6rem\" aria-hidden=\"true\" class=\"wp-block-spacer\"><\/div>\n","protected":false},"excerpt":{"rendered":"","protected":false},"author":2,"featured_media":0,"parent":0,"menu_order":0,"comment_status":"closed","ping_status":"closed","template":"","meta":{"inline_featured_image":false,"_monsterinsights_skip_tracking":false,"_monsterinsights_sitenote_active":false,"_monsterinsights_sitenote_note":"","_monsterinsights_sitenote_category":0},"acf":[],"aioseo_notices":[],"_links":{"self":[{"href":"https:\/\/www.ds360.pt\/en\/wp-json\/wp\/v2\/pages\/553"}],"collection":[{"href":"https:\/\/www.ds360.pt\/en\/wp-json\/wp\/v2\/pages"}],"about":[{"href":"https:\/\/www.ds360.pt\/en\/wp-json\/wp\/v2\/types\/page"}],"author":[{"embeddable":true,"href":"https:\/\/www.ds360.pt\/en\/wp-json\/wp\/v2\/users\/2"}],"replies":[{"embeddable":true,"href":"https:\/\/www.ds360.pt\/en\/wp-json\/wp\/v2\/comments?post=553"}],"version-history":[{"count":34,"href":"https:\/\/www.ds360.pt\/en\/wp-json\/wp\/v2\/pages\/553\/revisions"}],"predecessor-version":[{"id":4528,"href":"https:\/\/www.ds360.pt\/en\/wp-json\/wp\/v2\/pages\/553\/revisions\/4528"}],"wp:attachment":[{"href":"https:\/\/www.ds360.pt\/en\/wp-json\/wp\/v2\/media?parent=553"}],"curies":[{"name":"wp","href":"https:\/\/api.w.org\/{rel}","templated":true}]}}