{"id":521,"date":"2023-12-20T10:20:35","date_gmt":"2023-12-20T10:20:35","guid":{"rendered":"https:\/\/beta.decisoesesolucoes.com\/?page_id=521"},"modified":"2025-07-07T09:47:11","modified_gmt":"2025-07-07T08:47:11","slug":"credit-intermediation","status":"publish","type":"page","link":"https:\/\/www.ds360.pt\/en\/credit-intermediation\/","title":{"rendered":"Credit Intermediation"},"content":{"rendered":"\n<section id=\"block_6582bf82b5715\" class=\"intro-inner-section intro-section\">\n\n    <figure class=\"bg-img\">\n                        <img src=\"https:\/\/www.ds360.pt\/wp-content\/uploads\/2023\/12\/IntermCredito_dez20.jpg\" alt=\"Intermedia\u00e7\u00e3o de Cr\u00e9dito\">\n                    <\/figure>\n<\/section>\n<div id=\"block_6582bf82b5715-h1\" class=\"container reveal fadeInLeft\">\n        <h1>CREDIT INTERMEDIATION<\/h1>\n    <\/div>\n<!-- .intro-inner-section -->\n\n\n\n<section id=\"block_6582bfa5b5716\" class=\"text-image-section reverse\">\n    <div class=\"container\">\n        <div class=\"row\">\n            <div class=\"col-12 col-lg-6 reveal fadeInLeft\">\n                <div class=\"text-holder\">\n\n                        <h2>COUNT ON OUR ADVICE AND OUR SOLUTIONS<\/h2>\n                    <p><p>The DECIS\u00d5ES E SOLU\u00c7\u00d5ES network stores are autonomously and independently authorized to carry out credit intermediation activities. In the DECISIONS AND SOLUTIONS network, we provide our customers, individuals or companies, with a free, personalized and independent advice service in all types of bank credit operations.<\/p>\r\n<\/p>\n\n                                    <\/div>\n            <\/div>\n            <div class=\"col-12 col-lg-6 col-img reveal fadeInLeft\">\n                <figure class=\"img-holder\">\n                                                            <img src=\"https:\/\/www.ds360.pt\/wp-content\/uploads\/2023\/12\/business-communication-connection-people-concept-2023-11-27-05-00-29-utc-1-1.jpg\" alt=\"business-communication-connection-people-concept\">\n                                                        <\/figure>\n            <\/div>\n        <\/div>\n    <\/div>\n<\/section>\n<!-- .text-image-section -->\n\n\n<div style=\"height:6rem\" aria-hidden=\"true\" class=\"wp-block-spacer\"><\/div>\n\n\n\n<section id=\"block_659fe73051b62\" class=\"single-text-section\">\n    <div class=\"container\">\n        <div class=\"section-header reveal fadeInLeft\">\n                               <\/div>\n        <div class=\"row\">\n            <div class=\"col-12 col-lg-6 reveal fadeInLeft\">\n                <div class=\"text-holder\">\n                    <h2>EXPLORE OUR CREDIT INTERMEDIARY SERVICES<\/h2>\n                <\/div>\n            <\/div>\n            <div class=\"col-12 col-lg-6 reveal fadeInLeft\">\n                <div class=\"text-holder\">\n                    <ul class=\"list-business\">\n<li>DS FINANCIAL CHECK-UP<\/li>\n<li>MORTGAGE CREDIT<\/li>\n<li>CAR LOAN<\/li>\n<li>CREDIT CARDS<\/li>\n<li> REAL ESTATE LEASING<\/li>\n<li>PERSONAL LOAN<\/li>\n<\/ul>\n                <\/div>\n            <\/div>\n        <\/div>\n    <\/div>\n<\/section>\n<!-- .single-text-section -->\n\n\n\n\n<section id=\"block_65a0058f44858\" class=\"banner-section intro-inner-section\">\n    <div class=\"container reveal fadeInLeft\">\n                <h2>HOME WORKS? <br> <span>WE&#8217;LL HELP YOU<\/span><\/h2>\n                                <a href=\"https:\/\/www.decisoesesolucoes.com\/en\/real-estate-construction\/\" class=\"btn btn-champagne\"\n            target=\"\">\n            Contact Us        <\/a>\n            <\/div>\n    <figure class=\"bg-img\">\n                        <img src=\"https:\/\/www.ds360.pt\/wp-content\/uploads\/2023\/12\/team-construction-engineers-working-at-constructio-2023-11-27-05-35-33-utc-1.jpg\" alt=\"Team construction engineers working at construction site with blueprint on table.\">\n                    <\/figure>\n<\/section>\n<!-- .intro-inner-section -->\n\n\n\n\n<section id=\"block_6582c02cb5717\" class=\"single-text-section\">\n    <div class=\"container\">\n        <div class=\"section-header reveal fadeInLeft\">\n               <h2>INFORMATION DUTIES (DL 81-C\/2017 OF JULY 7)<\/h2>\n            <div id=\"info-credit\">\n<p>DECISIONS AND SOLUTIONS \u2013 INTERMEDI\u00c1RIOS DE CREDIT, LDA, with NIPC 506 742 199, with headquarters at Avenida Sacadura Cabral, n.\u00ba 3812, 4410-099 S\u00e3o F\u00e9lix da Marinha, Vila Nova de Gaia, Portugal, is registered at Banco de Portugal and carries out Credit Intermediation activities in accordance with the requirements established by Decree-Law 81-C\/2017 of 7 July. This document complies with the provisions of paragraph 1 of Article 53 of the aforementioned diploma. Thus, it is clear that:<\/p>\n<div class=\"table-intermediacao-de-credito\">\n<table>\n<thead class=\"table-intermediacao-de-credito__thead\">\n<tr>\n<th colspan=\"2\" class=\"table-intermediacao-de-credito__title\">\n            INFORMA\u00c7\u00c3O AOS CONSUMIDORES RELATIVA \u00c0 ATIVIDADE DE INTERMEDI\u00c1RIO DE CR\u00c9DITO\n          <\/th>\n<\/tr>\n<\/thead>\n<\/table>\n<div class=\"table-intermediacao-de-credito__container\">\n<div class=\"table-intermediacao-de-credito__column\">\n<table>\n<tbody>\n<tr class=\"table-intermediacao-de-credito__topic\">\n<td><strong>1. Firma ou denomina\u00e7\u00e3o<\/strong><\/td>\n<\/tr>\n<tr>\n<td>Decis\u00f5es e Solu\u00e7\u00f5es \u2013 Intermedi\u00e1rios de Cr\u00e9dito, Lda.<\/td>\n<\/tr>\n<tr class=\"table-intermediacao-de-credito__topic\">\n<td><strong>2. Sede social<\/strong><\/td>\n<\/tr>\n<tr>\n<td>\n                Avenida Sacadura Cabral, n.\u00ba 3812,<br \/> 4410-099 S\u00e3o F\u00e9lix da Marinha\n              <\/td>\n<\/tr>\n<tr class=\"table-intermediacao-de-credito__topic\">\n<td>\n                <strong\n                  >3. N\u00famero de registo junto do Banco de Portugal<\/strong\n                >\n              <\/td>\n<\/tr>\n<tr>\n<td>0000926<\/td>\n<\/tr>\n<tr class=\"table-intermediacao-de-credito__topic\">\n<td><strong>4. Contacto telef\u00f3nico<\/strong><\/td>\n<\/tr>\n<tr>\n<td>226007286<\/td>\n<\/tr>\n<tr class=\"table-intermediacao-de-credito__topic\">\n<td><strong>5. Endere\u00e7o de correio eletr\u00f3nico<\/strong><\/td>\n<\/tr>\n<tr>\n<td>geral@decisoesesolucoes.com<\/td>\n<\/tr>\n<tr class=\"table-intermediacao-de-credito__topic\">\n<td>\n                <strong>6. Categoria de intermedi\u00e1rio de cr\u00e9dito<\/strong>\n              <\/td>\n<\/tr>\n<tr>\n<td>Intermedi\u00e1rio de Cr\u00e9dito Vinculado<\/td>\n<\/tr>\n<tr class=\"table-intermediacao-de-credito__topic\">\n<td>\n                <strong\n                  >7. Mutuantes ou grupo de mutuantes com quem mant\u00e9m contrato de vincula\u00e7\u00e3o<\/strong\n                >\n              <\/td>\n<\/tr>\n<tr>\n<td>\n                BANCO SANTANDER TOTTA, S.A.<br \/>\n                UNICRE &#8211; INSTITUI\u00c7\u00c3O FINANCEIRA DE CR\u00c9DITO, S.A.<br \/>\n                BANCO BPI S.A.<br \/>\n                NOVO BANCO, S.A.<br \/>\n                BNP PARIBAS PERSONAL FINANCE, S.A. &#8211; SUCURSAL EM PORTUGAL<br \/>\n                MONTEPIO CR\u00c9DITO &#8211; INSTITUI\u00c7\u00c3O FINANCEIRA DE CR\u00c9DITO, S.A.<br \/>\n                BANKINTER, SA &#8211; SUCURSAL EM PORTUGAL<br \/>\n                CAIXA GERAL DE DEP\u00d3SITOS, S.A.\n              <\/td>\n<\/tr>\n<\/tbody>\n<\/table><\/div>\n<div class=\"table-intermediacao-de-credito__column\">\n<table>\n<tbody>\n<tr class=\"table-intermediacao-de-credito__topic\">\n<td><strong>8. Regime de exclusividade<\/strong><\/td>\n<\/tr>\n<tr>\n<td>N\u00e3o<\/td>\n<\/tr>\n<tr class=\"table-intermediacao-de-credito__topic\">\n<td>\n                <strong>9. Servi\u00e7os de intermedia\u00e7\u00e3o de cr\u00e9dito<\/strong>\n              <\/td>\n<\/tr>\n<tr>\n<td>\n                &#8211; Apresenta\u00e7\u00e3o ou proposta de contratos de cr\u00e9dito a consumidores<br \/>\n                &#8211; Assist\u00eancia a consumidores, mediante a realiza\u00e7\u00e3o de atos preparat\u00f3rios ou de outros trabalhos de gest\u00e3o pr\u00e9-contratual relativamente a contratos de cr\u00e9dito que n\u00e3o tenham sido por si apresentados ou propostos\n              <\/td>\n<\/tr>\n<tr class=\"table-intermediacao-de-credito__topic\">\n<td><strong>10. Servi\u00e7os de consultoria<\/strong><\/td>\n<\/tr>\n<tr>\n<td>Sim<\/td>\n<\/tr>\n<tr class=\"table-intermediacao-de-credito__topic\">\n<td>\n                <strong\n                  >11. Entidade que garante a responsabilidade civil<\/strong\n                >\n              <\/td>\n<\/tr>\n<tr>\n<td>Hiscox S.A. &#8211; Sucursal em Portugal<\/td>\n<\/tr>\n<tr class=\"table-intermediacao-de-credito__topic\">\n<td><strong>12. N\u00famero dos contratos de seguro<\/strong><\/td>\n<\/tr>\n<tr>\n<td>2510518 e 2510519<\/td>\n<\/tr>\n<tr class=\"table-intermediacao-de-credito__topic\">\n<td>\n                <strong\n                  >13. Per\u00edodo de validade dos contratos de seguro<\/strong\n                >\n              <\/td>\n<\/tr>\n<tr>\n<td>\n                De: 25\/06\/2025 (ambos os seguros)<br \/>\n                At\u00e9: 24\/06\/2026 (ambos os seguros)\n              <\/td>\n<\/tr>\n<\/tbody>\n<\/table><\/div>\n<\/p><\/div>\n<table>\n<tfoot>\n<tr>\n<td colspan=\"2\">\n            O registo do intermedi\u00e1rio de cr\u00e9dito pode ser consultado no Portal do Cliente Banc\u00e1rio em <a href=\"https:\/\/www.bportugal.pt\/intermediariocreditofar\/decisoes-e-solucoes-intermediarios-de-credito-lda.\"\n              >https:\/\/www.bportugal.pt\/intermediariocreditofar\/decisoes-e-solucoes-intermediarios-de-credito-lda.<\/a\n            >.<br \/>\n            \u00c9 proibido ao intermedi\u00e1rio de cr\u00e9dito receber ou entregar quaisquer valores relacionados com a forma\u00e7\u00e3o, a execu\u00e7\u00e3o e o cumprimento antecipado dos contratos de cr\u00e9dito, nos termos do artigo 46.\u00ba do regime jur\u00eddico dos intermedi\u00e1rios de cr\u00e9dito, aprovado pelo Decreto-Lei n.\u00ba 81-C\/2017, de 7 de julho.<br \/>\n            A atividade da Decis\u00f5es e Solu\u00e7\u00f5es &#8211; Intermedi\u00e1rios de Cr\u00e9dito, Lda, como intermedi\u00e1rio de cr\u00e9dito est\u00e1 sujeita \u00e0 supervis\u00e3o do Banco de Portugal.\n          <\/td>\n<\/tr>\n<\/tfoot>\n<\/table><\/div>\n<\/div>\n        <\/div>\n        <div class=\"row\">\n            <div class=\"col-12 col-lg-6 reveal fadeInLeft\">\n                <div class=\"text-holder\">\n                                    <\/div>\n            <\/div>\n            <div class=\"col-12 col-lg-6 reveal fadeInLeft\">\n                <div class=\"text-holder\">\n                                    <\/div>\n            <\/div>\n        <\/div>\n    <\/div>\n<\/section>\n<!-- .single-text-section -->\n\n\n\n\n<div style=\"height:6rem\" aria-hidden=\"true\" class=\"wp-block-spacer\"><\/div>\n\n\n<section id=\"block_6597e76c628cf\" class=\"\">\n    <div class=\"container\">\n        <div class=\"row\">\n            <div class=\"col-md-12 reveal fadeInLeft\">\n                <div class=\"text-holder\">\n                                        <p><div class=\"wpcf7 no-js\" id=\"wpcf7-f1884-o1\" lang=\"en-US\" dir=\"ltr\">\n<div class=\"screen-reader-response\"><p role=\"status\" aria-live=\"polite\" aria-atomic=\"true\"><\/p> <ul><\/ul><\/div>\n<form action=\"\/en\/wp-json\/wp\/v2\/pages\/521#wpcf7-f1884-o1\" method=\"post\" class=\"wpcf7-form init\" aria-label=\"Contact form\" novalidate=\"novalidate\" data-status=\"init\">\n<div style=\"display: none;\">\n<input type=\"hidden\" name=\"_wpcf7\" value=\"1884\" \/>\n<input type=\"hidden\" name=\"_wpcf7_version\" value=\"5.7.2\" \/>\n<input type=\"hidden\" name=\"_wpcf7_locale\" value=\"en_US\" \/>\n<input type=\"hidden\" name=\"_wpcf7_unit_tag\" value=\"wpcf7-f1884-o1\" \/>\n<input type=\"hidden\" name=\"_wpcf7_container_post\" value=\"0\" \/>\n<input type=\"hidden\" name=\"_wpcf7_posted_data_hash\" value=\"\" \/>\n<input type=\"hidden\" name=\"_uacf7_hidden_conditional_fields\" value=\"\" \/>\n<\/div>\n<div class=\"uacf7-form-1884\"><div class=\"container-form\">\n<div class=\"form-group\">\n<label for=\"your-name\" class=\"visually-hidden\">Nome<\/label>\n    <span class=\"wpcf7-form-control-wrap\" data-name=\"your-name\"><input size=\"40\" class=\"wpcf7-form-control wpcf7-text wpcf7-validates-as-required form-control\" id=\"your-name\" aria-required=\"true\" aria-invalid=\"false\" placeholder=\"Name*\" value=\"\" type=\"text\" name=\"your-name\" \/><\/span>\n<\/div>\n\n<div class=\"form-row\">\n    <div class=\"form-group col-md-6\">\n<label for=\"your-email\" class=\"visually-hidden\">Email<\/label>\n        <span class=\"wpcf7-form-control-wrap\" data-name=\"your-email\"><input size=\"40\" class=\"wpcf7-form-control wpcf7-text wpcf7-email wpcf7-validates-as-required wpcf7-validates-as-email form-control\" id=\"your-email\" aria-required=\"true\" aria-invalid=\"false\" placeholder=\"Email*\" value=\"\" type=\"email\" name=\"your-email\" \/><\/span>\n    <\/div>\n    <div class=\"form-group col-md-6\">\n<label for=\"your-telephone\" class=\"visually-hidden\">Phone<\/label>\n        <span class=\"wpcf7-form-control-wrap\" data-name=\"your-telephone\"><input size=\"40\" class=\"wpcf7-form-control wpcf7-text wpcf7-tel wpcf7-validates-as-tel form-control\" id=\"your-telephone\" aria-invalid=\"false\" placeholder=\"Phone\" value=\"\" type=\"tel\" name=\"your-telephone\" \/><\/span>\n    <\/div>\n<\/div>\n\n<div class=\"form-row\">\n<div class=\"form-group col-md-4\">\n<span class=\"wpcf7-form-control-wrap\" data-name=\"distritos\"><select class=\"wpcf7-form-control wpcf7-select wpcf7-validates-as-required\" id=\"distritos\" aria-required=\"true\" aria-invalid=\"false\" name=\"distritos\"><option value=\"\">District<\/option><\/select><\/span>\n<\/div>\n<div class=\"form-group col-md-4\">\n<span class=\"wpcf7-form-control-wrap\" data-name=\"concelhos\"><select class=\"wpcf7-form-control wpcf7-select wpcf7-validates-as-required\" id=\"concelhos\" aria-required=\"true\" aria-invalid=\"false\" name=\"concelhos\"><option value=\"\">Council<\/option><\/select><\/span>\n<\/div>\n<div class=\"form-group col-md-4\">\n<span class=\"wpcf7-form-control-wrap\" data-name=\"freguesias\"><select class=\"wpcf7-form-control wpcf7-select wpcf7-validates-as-required\" id=\"freguesias\" aria-required=\"true\" aria-invalid=\"false\" name=\"freguesias\"><option value=\"\">Parish<\/option><\/select><\/span>\n<\/div>\n<\/div>\n\n<div class=\"form-row\">\n<div class=\"form-group col-md-6\">\n        <span class=\"wpcf7-form-control-wrap\" data-name=\"appointment-time\"><select class=\"wpcf7-form-control wpcf7-select wpcf7-validates-as-required\" aria-required=\"true\" aria-invalid=\"false\" name=\"appointment-time\"><option value=\"\">Ideal contact times<\/option><option value=\"9h - 12h\">9h &#8211; 12h<\/option><option value=\"12h - 14h\">12h &#8211; 14h<\/option><option value=\"14h - 18h\">14h &#8211; 18h<\/option><option value=\"18h - 21h\">18h &#8211; 21h<\/option><\/select><\/span>\n    <\/div>\n<div class=\"form-group col-md-6\">\n<span class=\"wpcf7-form-control-wrap\" data-name=\"agency\"><select class=\"wpcf7-form-control wpcf7-select wpcf7-validates-as-required\" aria-required=\"true\" aria-invalid=\"false\" name=\"agency\"><option value=\"\">Select an agency<\/option><option value=\"DS VILA NOVA DE FAMALICAO CENTRO\">DS VILA NOVA DE FAMALICAO CENTRO<\/option><option value=\"DS ABRANTES\">DS ABRANTES<\/option><option value=\"DS ALBERGARIA A VELHA\">DS ALBERGARIA A VELHA<\/option><option value=\"DS ALBUFEIRA\">DS ALBUFEIRA<\/option><option value=\"DS ALENQUER\">DS ALENQUER<\/option><option value=\"DS ALMADA ATRIUM\">DS ALMADA ATRIUM<\/option><option value=\"DS ALMADA PARQUE DA PAZ\">DS ALMADA PARQUE DA PAZ<\/option><option value=\"DS ALVERCA\">DS ALVERCA<\/option><option value=\"DS AMARANTE\">DS AMARANTE<\/option><option value=\"DS ANADIA\">DS ANADIA<\/option><option value=\"DS AVEIRO CENTRO\">DS AVEIRO CENTRO<\/option><option value=\"DS AVEIRO VERA CRUZ\">DS AVEIRO VERA CRUZ<\/option><option value=\"DS BAIXA DA BANHEIRA\">DS BAIXA DA BANHEIRA<\/option><option value=\"DS BARCELOS\">DS BARCELOS<\/option><option value=\"DS BARCELOS CENTRO\">DS BARCELOS CENTRO<\/option><option value=\"DS BARREIRO ALTO SEIXALINHO\">DS BARREIRO ALTO SEIXALINHO<\/option><option value=\"DS BARREIRO FIDALGUINHOS\">DS BARREIRO FIDALGUINHOS<\/option><option value=\"DS BARREIRO RIO\">DS BARREIRO RIO<\/option><option value=\"DS BASTO\">DS BASTO<\/option><option value=\"DS BELMONTE\">DS BELMONTE<\/option><option value=\"DS BOBADELA CENTRO\">DS BOBADELA CENTRO<\/option><option value=\"DS BRAGA CENTRO\">DS BRAGA CENTRO<\/option><option value=\"DS BRAGA LIBERDADE\">DS BRAGA LIBERDADE<\/option><option value=\"DS BRAGA NOGUEIR\u00d3\">DS BRAGA NOGUEIR\u00d3<\/option><option value=\"DS BRAGAN\u00c7A\">DS BRAGAN\u00c7A<\/option><option value=\"DS CALDAS DA RAINHA\">DS CALDAS DA RAINHA<\/option><option value=\"DS CAMPO ALEGRE\">DS CAMPO ALEGRE<\/option><option value=\"DS CARNAXIDE\">DS CARNAXIDE<\/option><option value=\"DS CASCAIS\">DS CASCAIS<\/option><option value=\"DS CHARNECA DA CAPARICA\">DS CHARNECA DA CAPARICA<\/option><option value=\"DS COIMBRA\">DS COIMBRA<\/option><option value=\"DS COVILH\u00c3\">DS COVILH\u00c3<\/option><option value=\"DS ENTRONCAMENTO\">DS ENTRONCAMENTO<\/option><option value=\"DS ENTRONCAMENTO E.LECLERC\">DS ENTRONCAMENTO E.LECLERC<\/option><option value=\"DS ERICEIRA\">DS ERICEIRA<\/option><option value=\"DS ERMESINDE\">DS ERMESINDE<\/option><option value=\"DS ESPINHO\">DS ESPINHO<\/option><option value=\"DS ESPOSENDE\">DS ESPOSENDE<\/option><option value=\"DS FARO AVENIDA\">DS FARO AVENIDA<\/option><option value=\"DS F\u00c1TIMA\">DS F\u00c1TIMA<\/option><option value=\"DS FIGUEIRA DA FOZ\">DS FIGUEIRA DA FOZ<\/option><option value=\"DS GONDOMAR\">DS GONDOMAR<\/option><option value=\"DS GUARDA\">DS GUARDA<\/option><option value=\"DS GUIMAR\u00c3ES AZUR\u00c9M\">DS GUIMAR\u00c3ES AZUR\u00c9M<\/option><option value=\"DS GUIMAR\u00c3ES CENTRO\">DS GUIMAR\u00c3ES CENTRO<\/option><option value=\"DS GUIMAR\u00c3ES QUINT\u00c3\">DS GUIMAR\u00c3ES QUINT\u00c3<\/option><option value=\"DS INFANTADO\">DS INFANTADO<\/option><option value=\"DS LAGOA\">DS LAGOA<\/option><option value=\"DS LEIRIA CENTRO\">DS LEIRIA CENTRO<\/option><option value=\"DS LISBOA ALVALADE\">DS LISBOA ALVALADE<\/option><option value=\"DS LISBOA AV. BERNA\">DS LISBOA AV. BERNA<\/option><option value=\"DS LISBOA BENFICA\">DS LISBOA BENFICA<\/option><option value=\"DS LISBOA PARQUE DAS NA\u00c7\u00d5ES\">DS LISBOA PARQUE DAS NA\u00c7\u00d5ES<\/option><option value=\"DS LISBOA SALDANHA\">DS LISBOA SALDANHA<\/option><option value=\"DS LISBOA TELHEIRAS\">DS LISBOA TELHEIRAS<\/option><option value=\"DS LOUL\u00c9\">DS LOUL\u00c9<\/option><option value=\"DS LOURES\">DS LOURES<\/option><option value=\"DS LOURINH\u00c3\">DS LOURINH\u00c3<\/option><option value=\"DS MAFRA\">DS MAFRA<\/option><option value=\"DS MATOSINHOS Sr\u00aa DA HORA\">DS MATOSINHOS Sr\u00aa DA HORA<\/option><option value=\"DS MOITA\">DS MOITA<\/option><option value=\"DS MONTIJO AEROPORTO\">DS MONTIJO AEROPORTO<\/option><option value=\"DS MONTIJO CENTRO\">DS MONTIJO CENTRO<\/option><option value=\"DS MOREIRA DA MAIA\">DS MOREIRA DA MAIA<\/option><option value=\"DS ODIVELAS\">DS ODIVELAS<\/option><option value=\"DS OEIRAS\">DS OEIRAS<\/option><option value=\"DS OLIVEIRA DE AZEMEIS\">DS OLIVEIRA DE AZEMEIS<\/option><option value=\"DS OUR\u00c9M\">DS OUR\u00c9M<\/option><option value=\"DS PA\u00c7OS FERREIRA\">DS PA\u00c7OS FERREIRA<\/option><option value=\"DS PALMELA\">DS PALMELA<\/option><option value=\"DS PONTA DELGADA\">DS PONTA DELGADA<\/option><option value=\"DS PONTE DE SOR\">DS PONTE DE SOR<\/option><option value=\"DS PORTALEGRE\">DS PORTALEGRE<\/option><option value=\"DS PORTIM\u00c3O\">DS PORTIM\u00c3O<\/option><option value=\"DS PORTO BESSA\">DS PORTO BESSA<\/option><option value=\"DS PORTO FERN\u00c3O DE MAGALH\u00c3ES\">DS PORTO FERN\u00c3O DE MAGALH\u00c3ES<\/option><option value=\"DS P\u00d3VOA VARZIM\">DS P\u00d3VOA VARZIM<\/option><option value=\"DS SANTA MARIA DA FEIRA\">DS SANTA MARIA DA FEIRA<\/option><option value=\"DS SANTAR\u00c9M\">DS SANTAR\u00c9M<\/option><option value=\"DS SEIXAL\">DS SEIXAL<\/option><option value=\"DS SESIMBRA\">DS SESIMBRA<\/option><option value=\"DS SET\u00daBAL\">DS SET\u00daBAL<\/option><option value=\"DS SINTRA\">DS SINTRA<\/option><option value=\"DS SOBRAL DE MONTE AGRA\u00c7O\">DS SOBRAL DE MONTE AGRA\u00c7O<\/option><option value=\"DS TAVIRA\">DS TAVIRA<\/option><option value=\"DS TOMAR\">DS TOMAR<\/option><option value=\"DS TONDELA\">DS TONDELA<\/option><option value=\"DS TORRES NOVAS\">DS TORRES NOVAS<\/option><option value=\"DS TORRES VEDRAS CENTRO\">DS TORRES VEDRAS CENTRO<\/option><option value=\"DS VAGOS\">DS VAGOS<\/option><option value=\"DS VIANA DO CASTELO SANTA LUZIA\">DS VIANA DO CASTELO SANTA LUZIA<\/option><option value=\"DS VIEIRA DO MINHO\">DS VIEIRA DO MINHO<\/option><option value=\"DS VILA DO CONDE\">DS VILA DO CONDE<\/option><option value=\"DS VILA FRANCA DE XIRA\">DS VILA FRANCA DE XIRA<\/option><option value=\"DS VILA NOVA DE FAMALIC\u00c3O\">DS VILA NOVA DE FAMALIC\u00c3O<\/option><option value=\"DS VILA NOVA DE GAIA AV REP\u00daBLICA\">DS VILA NOVA DE GAIA AV REP\u00daBLICA<\/option><option value=\"DS VILA NOVA DE GAIA DESCOBRIMENTOS\">DS VILA NOVA DE GAIA DESCOBRIMENTOS<\/option><option value=\"DS VILA NOVA DE GAIA DOURO\">DS VILA NOVA DE GAIA DOURO<\/option><option value=\"DS VILA NOVA DE SANTO ANDR\u00c9\">DS VILA NOVA DE SANTO ANDR\u00c9<\/option><option value=\"DS VILA POUCA DE AGUIAR\">DS VILA POUCA DE AGUIAR<\/option><option value=\"DS VILA PRAIA DE ANCORA\">DS VILA PRAIA DE ANCORA<\/option><option value=\"DS VILA VERDE\">DS VILA VERDE<\/option><option value=\"DS VISEU\">DS VISEU<\/option><option value=\"DS VIZELA\">DS VIZELA<\/option><option value=\"DS VN BARQUINHA\">DS VN BARQUINHA<\/option><\/select><\/span>\n<\/div>\n<\/div>\n\n<div class=\"form-group\">\n<span class=\"wpcf7-form-control-wrap\" data-name=\"service\"><select class=\"wpcf7-form-control wpcf7-select\" aria-invalid=\"false\" name=\"service\"><option value=\"Choose a service\">Choose a service<\/option><option value=\"Credit cards\">Credit cards<\/option><option value=\"DS Financial Check-up\">DS Financial Check-up<\/option><option value=\"Business loans\">Business loans<\/option><option value=\"Car loans\">Car loans<\/option><option value=\"Home loans\">Home loans<\/option><option value=\"Personal loans\">Personal loans<\/option><option value=\"Property and furniture leasing\">Property and furniture leasing<\/option><\/select><\/span>\n<\/div>\n\n<div class=\"form-group\">\n<label for=\"your-message\" class=\"visually-hidden\">Other Useful Information<\/label>\n    <span class=\"wpcf7-form-control-wrap\" data-name=\"your-message\"><textarea cols=\"40\" rows=\"10\" class=\"wpcf7-form-control wpcf7-textarea wpcf7-validates-as-required form-control\" id=\"your-message\" aria-required=\"true\" aria-invalid=\"false\" placeholder=\"Other useful information\" name=\"your-message\"><\/textarea><\/span>\n<\/div>\n\n<div class=\"form-row\">\n    <div class=\"form-check form-group col-lg-8\">\n        <span class=\"wpcf7-form-control-wrap\" data-name=\"your-consent\"><span class=\"wpcf7-form-control wpcf7-acceptance\"><span class=\"wpcf7-list-item\"><label><input type=\"checkbox\" name=\"your-consent\" value=\"1\" class=\"form-check-input ml-0\" aria-invalid=\"false\" \/><span class=\"wpcf7-list-item-label\">I accept the <a href=\"privacy-policy\">Privacy Policy and Terms of Service<\/a>.*<\/span><\/label><\/span><\/span><\/span>\n    <\/div>\n<\/div>\n<div class=\"form-row\" style=\"margin: 15px 0; padding: 0; align-items: center;\">\n    <div class=\"form-check form-group col-lg-6\">\n        <div id=\"cf7sr-69e17eebaa420\" class=\"cf7sr-g-hcaptcha\" data-theme=\"light\" data-size=\"normal\" data-sitekey=\"57984712-678c-4490-ac20-fba86a3ee742\"><\/div><span class=\"wpcf7-form-control-wrap cf7sr-hcaptcha\" data-name=\"cf7sr-hcaptcha\"><input type=\"hidden\" name=\"cf7sr-hcaptcha\" value=\"\" class=\"wpcf7-form-control\"><\/span>\n    <\/div>\n    <div class=\"form-group col-lg-6 d-flex justify-content-end\">\n\t<input class=\"wpcf7-form-control has-spinner wpcf7-submit btn btn-dark mt-0\" type=\"submit\" value=\"SUBMIT\" \/>\n    <\/div>\n<\/div>\n<\/div><\/div><div class=\"wpcf7-response-output\" aria-hidden=\"true\"><\/div><\/form><\/div>\n<\/p>\n\n                                    <\/div>\n            <\/div>\n        <\/div>\n    <\/div>\n<\/section>\n\n\n<div style=\"height:6rem\" aria-hidden=\"true\" class=\"wp-block-spacer\"><\/div>\n","protected":false},"excerpt":{"rendered":"","protected":false},"author":2,"featured_media":0,"parent":0,"menu_order":0,"comment_status":"closed","ping_status":"closed","template":"","meta":{"inline_featured_image":false,"_monsterinsights_skip_tracking":false,"_monsterinsights_sitenote_active":false,"_monsterinsights_sitenote_note":"","_monsterinsights_sitenote_category":0},"acf":[],"aioseo_notices":[],"_links":{"self":[{"href":"https:\/\/www.ds360.pt\/en\/wp-json\/wp\/v2\/pages\/521"}],"collection":[{"href":"https:\/\/www.ds360.pt\/en\/wp-json\/wp\/v2\/pages"}],"about":[{"href":"https:\/\/www.ds360.pt\/en\/wp-json\/wp\/v2\/types\/page"}],"author":[{"embeddable":true,"href":"https:\/\/www.ds360.pt\/en\/wp-json\/wp\/v2\/users\/2"}],"replies":[{"embeddable":true,"href":"https:\/\/www.ds360.pt\/en\/wp-json\/wp\/v2\/comments?post=521"}],"version-history":[{"count":46,"href":"https:\/\/www.ds360.pt\/en\/wp-json\/wp\/v2\/pages\/521\/revisions"}],"predecessor-version":[{"id":22294,"href":"https:\/\/www.ds360.pt\/en\/wp-json\/wp\/v2\/pages\/521\/revisions\/22294"}],"wp:attachment":[{"href":"https:\/\/www.ds360.pt\/en\/wp-json\/wp\/v2\/media?parent=521"}],"curies":[{"name":"wp","href":"https:\/\/api.w.org\/{rel}","templated":true}]}}