{"id":3,"date":"2022-08-17T14:47:16","date_gmt":"2022-08-17T14:47:16","guid":{"rendered":"http:\/\/beta.decisoesesolucoes.com\/?page_id=3"},"modified":"2024-01-12T11:20:28","modified_gmt":"2024-01-12T11:20:28","slug":"privacy-policy","status":"publish","type":"page","link":"https:\/\/www.ds360.pt\/en\/privacy-policy\/","title":{"rendered":"Privacy Policy"},"content":{"rendered":"\n<section id=\"block_65a11fe78360e\" class=\"intro-inner-section intro-section\">\n\n    <figure class=\"bg-img\">\n                        <img src=\"https:\/\/www.ds360.pt\/wp-content\/uploads\/2023\/12\/female-hands-typing-computer-keyboard.jpg\" alt=\"female hands typing computer keyboard\">\n                    <\/figure>\n<\/section>\n<div id=\"block_65a11fe78360e-h1\" class=\"container reveal fadeInLeft\">\n        <h1>PRIVACY POLICY<\/h1>\n    <\/div>\n<!-- .intro-inner-section -->\n\n\n\n<section id=\"block_65a11fff8360f\" class=\"\">\n    <div class=\"container\">\n        <div class=\"row\">\n            <div class=\"col-md-12 reveal fadeInLeft\">\n                <div class=\"text-holder\">\n                                        <p><div>\n<p><strong><font style=\"vertical-align: inherit;\"><font style=\"vertical-align: inherit;\">PRIVACY TERMS AND CONDITIONS<\/font><\/font><\/strong><\/p>\n<p>&nbsp;<\/p>\n<p><font style=\"vertical-align: inherit;\"><font style=\"vertical-align: inherit;\">Decis\u00f5es e Solu\u00e7\u00f5es &#8211; Media\u00e7\u00e3o Imobili\u00e1ria, Lda, hereinafter referred to as DS, is aware of the implications and its responsibility to comply with the changes introduced in terms of personal data protection, namely with the taking effect on May 25, 2018 of the General Data Protection Regulation, approved by Regulation (EU) 2016\/679, of April 26, 2016.<\/font><\/font><\/p>\n<p><font style=\"vertical-align: inherit;\"><font style=\"vertical-align: inherit;\">DS is therefore committed to ensuring the protection of all personal data made available to it, having adopted various security measures, of a technical and organizational nature, in order to protect personal data against any form of illicit processing. .<\/font><\/font><\/p>\n<p><font style=\"vertical-align: inherit;\"><font style=\"vertical-align: inherit;\">DS is also committed to continually improving the set of procedures and techniques implemented for the protection of personal data, also relying for this purpose on all the suggestions that users of this website make to us.<\/font><\/font><\/p>\n<p><font style=\"vertical-align: inherit;\"><font style=\"vertical-align: inherit;\">These Privacy Terms and Conditions apply exclusively to DS&#8217;s processing of personal data collected through its website or commercial and promotional actions.<\/font><\/font><\/p>\n<p><strong>&nbsp;<\/strong><\/p>\n<ol>\n<li><strong><font style=\"vertical-align: inherit;\"><font style=\"vertical-align: inherit;\">Purpose of treatment<\/font><\/font><\/strong><\/li>\n<\/ol>\n<p><font style=\"vertical-align: inherit;\"><font style=\"vertical-align: inherit;\">Personal data is collected exclusively for the following purposes:<\/font><\/font><\/p>\n<ul>\n<li><font style=\"vertical-align: inherit;\"><font style=\"vertical-align: inherit;\">Response to contact request;<\/font><\/font><\/li>\n<li><font style=\"vertical-align: inherit;\"><font style=\"vertical-align: inherit;\">Commercial management;<\/font><\/font><\/li>\n<li><font style=\"vertical-align: inherit;\"><font style=\"vertical-align: inherit;\">Improvement or personalization of our services;<br \/>\n<\/font><\/font><\/p>\n<ul>\n<li><font style=\"vertical-align: inherit;\"><font style=\"vertical-align: inherit;\">Sending newsletters and other promotional actions. <\/font><font style=\"vertical-align: inherit;\">Customers can unsubscribe from the email newsletter service by clicking on the newsletter link we send by email.<\/font><\/font><\/li>\n<\/ul>\n<\/li>\n<li><font style=\"vertical-align: inherit;\"><font style=\"vertical-align: inherit;\">For the purpose of submitting online applications.<\/font><\/font><\/li>\n<\/ul>\n<p><strong>&nbsp;<\/strong><\/p>\n<ol start=\"2\">\n<li><strong><font style=\"vertical-align: inherit;\"><font style=\"vertical-align: inherit;\">Personal data collected<\/font><\/font><\/strong><\/li>\n<\/ol>\n<p><font style=\"vertical-align: inherit;\"><font style=\"vertical-align: inherit;\">The data collected is limited to name and email address, and area of &#038;ZeroWidthSpace;&#038;ZeroWidthSpace;residence and is used for the purposes set out in this policy, and can be obtained through:<\/font><\/font><\/p>\n<ul>\n<li><font style=\"vertical-align: inherit;\"><font style=\"vertical-align: inherit;\">Website contact form;<\/font><\/font><\/li>\n<li><font style=\"vertical-align: inherit;\"><font style=\"vertical-align: inherit;\">In-person collection.<\/font><\/font><\/li>\n<\/ul>\n<p><strong>&nbsp;<\/strong><\/p>\n<ol start=\"3\">\n<li><strong><font style=\"vertical-align: inherit;\"><font style=\"vertical-align: inherit;\">Consent<\/font><\/font><\/strong><\/li>\n<\/ol>\n<p><font style=\"vertical-align: inherit;\"><font style=\"vertical-align: inherit;\">Before sending the first promotional message or newsletter, the data subject&#8217;s express consent will be requested to send this type of message.<\/font><\/font><\/p>\n<p><font style=\"vertical-align: inherit;\"><font style=\"vertical-align: inherit;\">This consent will be requested via email and the data subject will only receive messages if they respond positively. <\/font><font style=\"vertical-align: inherit;\">If the answer is no, your data will be deleted.<\/font><\/font><\/p>\n<p><strong>&nbsp;<\/strong><\/p>\n<ol start=\"4\">\n<li><strong><font style=\"vertical-align: inherit;\"><font style=\"vertical-align: inherit;\">Conservation Period<\/font><\/font><\/strong><\/li>\n<\/ol>\n<p><font style=\"vertical-align: inherit;\"><font style=\"vertical-align: inherit;\">The personal data collected will be kept as long as the holder has consented for the purposes set out in 1.<\/font><\/font><\/p>\n<p><strong>&nbsp;<\/strong><\/p>\n<ol start=\"5\">\n<li><strong><font style=\"vertical-align: inherit;\"><font style=\"vertical-align: inherit;\">Sharing of personal data<\/font><\/font><\/strong><\/li>\n<\/ol>\n<p><font style=\"vertical-align: inherit;\"><font style=\"vertical-align: inherit;\">The personal data collected may be shared between DS agencies, in order to provide the customer\/data holder with a close and reliable service, allowing them to be accompanied in the services requested by an agency nearby.<\/font><\/font><\/p>\n<p><strong>&nbsp;<\/strong><\/p>\n<ol start=\"6\">\n<li><strong><font style=\"vertical-align: inherit;\"><font style=\"vertical-align: inherit;\">Rights of holders<\/font><\/font><\/strong><\/li>\n<\/ol>\n<p>Para aceder, corrigir, adicionar, atualizar, apagar ou alterar o consentimento das comunica\u00e7\u00f5es, o titular dever\u00e1 contactar a DS atrav\u00e9s do (<a href=\"mailto:sede@decisoesesolucoes.com\"><strong>sede@decisoesesolucoes.com<\/strong><\/a>) Tais pedidos ser\u00e3o tratados com a maior brevidade poss\u00edvel.<\/p>\n<p>Poder\u00e1 tamb\u00e9m utilizar esta forma de contacto para qualquer esclarecimento ou sugest\u00e3o acerca destes termos e condi\u00e7\u00f5es.<\/p>\n<p><strong>&nbsp;<\/strong><\/p>\n<ol start=\"7\">\n<li><strong> Cookies<\/strong><\/li>\n<\/ol>\n<p>Ao navegar no site da DS s\u00e3o utilizados cookies que, no entanto, n\u00e3o recolhem informa\u00e7\u00e3o que identifique o utilizador. S\u00e3o recolhidas informa\u00e7\u00f5es gen\u00e9ricas, designadamente a forma como os utilizadores chegam e utilizam os sites. As informa\u00e7\u00f5es recolhidas s\u00e3o utilizadas com finalidade de controlo do n\u00famero de visitas e estudos estat\u00edsticos, bem como para assegurar que o site funciona correctamente e facilitar a navega\u00e7\u00e3o e melhorar a experi\u00eancia do utilizador.<\/p>\n<p>A utiliza\u00e7\u00e3o de cookies permite que a navega\u00e7\u00e3o do s\u00edtio na internet seja constantemente optimizada de forma a proporcionar uma experi\u00eancia com elevada qualidade e que supere a qualidade obtida na visita anterior por parte do utilizador.<\/p>\n<p><strong>&nbsp;<\/strong><\/p>\n<ol start=\"9\">\n<li><strong> Altera\u00e7\u00e3o dos Termos e Condi\u00e7\u00f5es de Privacidade<\/strong><\/li>\n<\/ol>\n<p>Os presentes Termos e Condi\u00e7\u00f5es de Privacidade poder\u00e3o ser objeto de altera\u00e7\u00e3o ou revis\u00e3o, sem aviso pr\u00e9vio, em fun\u00e7\u00e3o de exig\u00eancias legislativas ou regulamentares de acordo com a lei em vigor. Todas as altera\u00e7\u00f5es significativas a estes termos ser\u00e3o devidamente comunicadas aos utilizadores no site do Grupo.<\/p>\n<p>Dado que estes Termos e Condi\u00e7\u00f5es podem ser revistos a qualquer momento, de acordo com o crit\u00e9rio acima descrito, a DS recomenda aos seus utilizadores que os revejam periodicamente.<\/p>\n<p>&nbsp;<\/p>\n<p><strong>Termos e Condi\u00e7\u00f5es de Privacidade &#8211; Vers\u00e3o (1.0)\u2013 (25\/05\/2018)<br \/><\/strong><\/p>\n<p>&nbsp;<\/p>\n<p>A Decis\u00f5es e Solu\u00e7\u00f5es \u2013 Intermedi\u00e1rios de Cr\u00e9dito, adiante designado como DS, est\u00e1 ciente das implica\u00e7\u00f5es e da sua responsabilidade em cumprir com as altera\u00e7\u00f5es introduzidas em mat\u00e9ria de protec\u00e7\u00e3o de dados pessoais, nomeadamente com a produ\u00e7\u00e3o de efeitos a 25 de maio de 2018 do Regulamento Geral de Prote\u00e7\u00e3o de Dados, aprovado pelo Regulamento (EU) 2016\/679, de 26 de Abril de 2016.<\/p>\n<p>A DS assume, assim, o compromisso de garantir a protec\u00e7\u00e3o de todos os dados pessoais que lhe sejam disponibilizados, tendo neste sentido adoptado diversas medidas de seguran\u00e7a, de car\u00e1cter t\u00e9cnico e organizativo, de forma a proteger os dados pessoais contra qualquer forma de tratamento il\u00edcito.<\/p>\n<p>A DS assume igualmente o compromisso de melhorar continuamente o conjunto de procedimentos e t\u00e9cnicas implementados para a protec\u00e7\u00e3o de dados pessoais, contando igualmente para esse fim com todas as sugest\u00f5es que os utilizadores deste site nos fa\u00e7am chegar.<\/p>\n<p>Estes Termos e Condi\u00e7\u00f5es de Privacidade aplicam-se exclusivamente ao tratamento de dados pessoais pela DS recolhidos atrav\u00e9s do seu site ou ac\u00e7\u00f5es comerciais e promocionais.<\/p>\n<p><strong>&nbsp;<\/strong><\/p>\n<ol>\n<li><strong> Finalidade do tratamento<\/strong><\/li>\n<\/ol>\n<p>Os dados pessoais s\u00e3o recolhidos exclusivamente com as finalidades que se seguem:<\/p>\n<ul>\n<li>Resposta a pedido de contacto;<\/li>\n<li>Gest\u00e3o comercial;<\/li>\n<li>Melhoria ou personaliza\u00e7\u00e3o dos nossos servi\u00e7os;\n<ul>\n<li>Envio de newsletters e outras ac\u00e7\u00f5es promocionais. Os clientes podem cancelar a sua subscri\u00e7\u00e3o ao servi\u00e7o de newsletter por e-mail, clicando no link da newsletter que enviamos por e-mail.<\/li>\n<\/ul>\n<\/li>\n<li>Para efeitos de submiss\u00e3o de candidaturas on-line.<\/li>\n<\/ul>\n<p><strong>&nbsp;<\/strong><\/p>\n<ol start=\"2\">\n<li><strong> Dados pessoais recolhidos<\/strong><\/li>\n<\/ol>\n<p>Os dados recolhidos limitam-se ao nome e endere\u00e7o de e-mail, e \u00e1rea de resid\u00eancia sendo utilizados para as finalidades previstas nesta pol\u00edtica, podendo ser obtidos atrav\u00e9s de:<\/p>\n<ul>\n<li>Formul\u00e1rio de contactos do site;<\/li>\n<li>Recolha presencial.<\/li>\n<\/ul>\n<p><strong>&nbsp;<\/strong><\/p>\n<ol start=\"3\">\n<li><strong> Consentimento<\/strong><\/li>\n<\/ol>\n<p>Antes de ser enviada a primeira mensagem promocional ou newsletter ser\u00e1 solicitado o consentimento expresso do titular dos dados para o envio deste tipo de mensagens.<\/p>\n<p>Esse consentimento ser\u00e1 solicitado via e-mail e o titular dos dados apenas passa a receber mensagens se responder positivamente. Caso a resposta seja negativa os seus dados ser\u00e3o apagados.<\/p>\n<p><strong>&nbsp;<\/strong><\/p>\n<ol start=\"4\">\n<li><strong> Per\u00edodo de Conserva\u00e7\u00e3o<\/strong><\/li>\n<\/ol>\n<p>Os dados pessoais recolhidos ser\u00e3o mantidos enquanto houver consentimento do titular para as finalidades previstas em 1.<\/p>\n<p><strong>&nbsp;<\/strong><\/p>\n<ol start=\"5\">\n<li><strong> Partilha de dados pessoais<\/strong><\/li>\n<\/ol>\n<p>Os dados pessoais recolhidos poder\u00e3o ser partilhados entre ag\u00eancias da DS, por forma a proporcionar ao cliente\/titular dos dados, um servi\u00e7o pr\u00f3ximo e de confian\u00e7a, permitindo que este seja acompanhado nos servi\u00e7os requisitados por uma ag\u00eancia da sua proximidade.<\/p>\n<p><strong>&nbsp;<\/strong><\/p>\n<ol start=\"6\">\n<li><strong> Direitos dos titulares<\/strong><\/li>\n<\/ol>\n<p>Para aceder, corrigir, adicionar, atualizar, apagar ou alterar o consentimento das comunica\u00e7\u00f5es, o titular dever\u00e1 contactar a DS atrav\u00e9s do (<a href=\"mailto:sede@decisoesesolucoes.com\"><strong>sede@decisoesesolucoes.com<\/strong><\/a>) Tais pedidos ser\u00e3o tratados com a maior brevidade poss\u00edvel.<\/p>\n<p>Poder\u00e1 tamb\u00e9m utilizar esta forma de contacto para qualquer esclarecimento ou sugest\u00e3o acerca destes termos e condi\u00e7\u00f5es.<\/p>\n<p><strong>&nbsp;<\/strong><\/p>\n<ol start=\"7\">\n<li><strong> Cookies<\/strong><\/li>\n<\/ol>\n<p>Ao navegar no site da DS s\u00e3o utilizados cookies que, no entanto, n\u00e3o recolhem informa\u00e7\u00e3o que identifique o utilizador. S\u00e3o recolhidas informa\u00e7\u00f5es gen\u00e9ricas, designadamente a forma como os utilizadores chegam e utilizam os sites. As informa\u00e7\u00f5es recolhidas s\u00e3o utilizadas com finalidade de controlo do n\u00famero de visitas e estudos estat\u00edsticos, bem como para assegurar que o site funciona correctamente e facilitar a navega\u00e7\u00e3o e melhorar a experi\u00eancia do utilizador.<\/p>\n<p>A utiliza\u00e7\u00e3o de cookies permite que a navega\u00e7\u00e3o do s\u00edtio na internet seja constantemente optimizada de forma a proporcionar uma experi\u00eancia com elevada qualidade e que supere a qualidade obtida na visita anterior por parte do utilizador.<\/p>\n<p><strong>&nbsp;<\/strong><\/p>\n<ol start=\"9\">\n<li><strong> Altera\u00e7\u00e3o dos Termos e Condi\u00e7\u00f5es de Privacidade<\/strong><\/li>\n<\/ol>\n<p>Os presentes Termos e Condi\u00e7\u00f5es de Privacidade poder\u00e3o ser objeto de altera\u00e7\u00e3o ou revis\u00e3o, sem aviso pr\u00e9vio, em fun\u00e7\u00e3o de exig\u00eancias legislativas ou regulamentares de acordo com a lei em vigor. Todas as altera\u00e7\u00f5es significativas a estes termos ser\u00e3o devidamente comunicadas aos utilizadores no site do Grupo.<\/p>\n<p>Dado que estes Termos e Condi\u00e7\u00f5es podem ser revistos a qualquer momento, de acordo com o crit\u00e9rio acima descrito, a DS recomenda aos seus utilizadores que os revejam periodicamente.<\/p>\n<p>&nbsp;<\/p>\n<p><strong><font style=\"vertical-align: inherit;\"><font style=\"vertical-align: inherit;\">Privacy Terms and Conditions &#8211; Version (1.0) \u2013 (05\/25\/2018)<\/font><\/font><\/strong><\/p>\n<\/p><\/div>\n<\/p>\n\n                                    <\/div>\n            <\/div>\n        <\/div>\n    <\/div>\n<\/section>\n\n\n<div style=\"height:100px\" aria-hidden=\"true\" class=\"wp-block-spacer\"><\/div>\n","protected":false},"excerpt":{"rendered":"","protected":false},"author":1,"featured_media":0,"parent":0,"menu_order":0,"comment_status":"closed","ping_status":"open","template":"","meta":{"inline_featured_image":false,"_monsterinsights_skip_tracking":false,"_monsterinsights_sitenote_active":false,"_monsterinsights_sitenote_note":"","_monsterinsights_sitenote_category":0},"acf":[],"aioseo_notices":[],"_links":{"self":[{"href":"https:\/\/www.ds360.pt\/en\/wp-json\/wp\/v2\/pages\/3"}],"collection":[{"href":"https:\/\/www.ds360.pt\/en\/wp-json\/wp\/v2\/pages"}],"about":[{"href":"https:\/\/www.ds360.pt\/en\/wp-json\/wp\/v2\/types\/page"}],"author":[{"embeddable":true,"href":"https:\/\/www.ds360.pt\/en\/wp-json\/wp\/v2\/users\/1"}],"replies":[{"embeddable":true,"href":"https:\/\/www.ds360.pt\/en\/wp-json\/wp\/v2\/comments?post=3"}],"version-history":[{"count":9,"href":"https:\/\/www.ds360.pt\/en\/wp-json\/wp\/v2\/pages\/3\/revisions"}],"predecessor-version":[{"id":2237,"href":"https:\/\/www.ds360.pt\/en\/wp-json\/wp\/v2\/pages\/3\/revisions\/2237"}],"wp:attachment":[{"href":"https:\/\/www.ds360.pt\/en\/wp-json\/wp\/v2\/media?parent=3"}],"curies":[{"name":"wp","href":"https:\/\/api.w.org\/{rel}","templated":true}]}}