{"id":2572,"date":"2024-01-16T13:47:47","date_gmt":"2024-01-16T13:47:47","guid":{"rendered":"https:\/\/beta.decisoesesolucoes.com\/?page_id=2572"},"modified":"2025-09-11T16:17:46","modified_gmt":"2025-09-11T15:17:46","slug":"real-state-mediation","status":"publish","type":"page","link":"https:\/\/www.ds360.pt\/en\/real-state-mediation\/","title":{"rendered":"Real State Mediation"},"content":{"rendered":"\n<section id=\"block_65c4bf9df60b6\" class=\"intro-inner-section intro-section\">\n\n    <figure class=\"bg-img\">\n                        <img src=\"https:\/\/www.ds360.pt\/wp-content\/uploads\/2024\/01\/banner_obras_1920x1080.jpg\" alt=\"\">\n                    <\/figure>\n<\/section>\n<div id=\"block_65c4bf9df60b6-h1\" class=\"container reveal fadeInLeft\">\n        <h1>REAL STATE MEDIATION<\/h1>\n    <\/div>\n<!-- .intro-inner-section -->\n\n\n\n<section id=\"block_65c4bfcaf60b8\" class=\"text-image-section reverse\">\n    <div class=\"container\">\n        <div class=\"row\">\n            <div class=\"col-12 col-lg-6 reveal fadeInLeft\">\n                <div class=\"text-holder\">\n\n                        <h2>Personalized support<\/h2>\n                    <p><p>At DECIS\u00d5ES E SOLU\u00c7\u00d5ES we provide personalized support in choosing the property you are looking for, whether you are buying, selling or renting.\r\n\r\n<p>We guarantee the best advice, through a team of qualified professionals distributed throughout the country.<\/p>\r\n\r\n<p>If you&#8217;re buying a house, don&#8217;t hesitate to contact us. We have the best solutions on the market!<\/p><\/p>\n\n                                    <\/div>\n            <\/div>\n            <div class=\"col-12 col-lg-6 col-img reveal fadeInLeft\">\n                <figure class=\"img-holder\">\n                                                            <img src=\"https:\/\/www.ds360.pt\/wp-content\/uploads\/2024\/01\/beautiful-tropical-beach-house.jpg\" alt=\"beautiful-tropical-beach-house\">\n                                                        <\/figure>\n            <\/div>\n        <\/div>\n    <\/div>\n<\/section>\n<!-- .text-image-section -->\n\n\n<div style=\"height:3rem\" aria-hidden=\"true\" class=\"wp-block-spacer\"><\/div>\n\n\n<section id=\"block_65c4c018f60bd\" class=\"text-image-section \">\n    <div class=\"container\">\n        <div class=\"row\">\n            <div class=\"col-12 col-lg-6 reveal fadeInLeft\">\n                <div class=\"text-holder\">\n\n                        <h2>Certified Partnership in Real Estate<\/h2>\n                    <p><p>DECIS\u00d5ES E SOLU\u00c7\u00d5ES is licensed by the  Institute of Public Markets, Real Estate and Construction, I.P. (IMPIC, I.P.) to carry out real estate brokerage activities and holds the AMI 9300 License.<\/p>\r\n\r\n<p>If you want to buy, sell or rent a property, you can count on a team of specialized professionals. <a href=\"#form-contact-real-state\">Contact-us!<\/a><\/p><\/p>\n\n                                    <\/div>\n            <\/div>\n            <div class=\"col-12 col-lg-6 col-img reveal fadeInLeft\">\n                <figure class=\"img-holder\">\n                                                            <img src=\"https:\/\/www.ds360.pt\/wp-content\/uploads\/2023\/04\/19_comprar-casa.jpg\" alt=\"\">\n                                                        <\/figure>\n            <\/div>\n        <\/div>\n    <\/div>\n<\/section>\n<!-- .text-image-section -->\n\n\n<div style=\"height:6rem\" aria-hidden=\"true\" class=\"wp-block-spacer\"><\/div>\n\n\n<section id=\"block_65c4c06df60bf\" class=\"\">\n    <div class=\"container\">\n        <div class=\"row\">\n            <div class=\"col-md-12 reveal fadeInLeft\">\n                <div class=\"text-holder\">\n                        <h2>CAN&#039;T FIND WHAT YOU&#039;RE LOOKING FOR? WE HELP<\/h2>\n                    <p><div class=\"wpcf7 no-js\" id=\"wpcf7-f3436-o1\" lang=\"en-US\" dir=\"ltr\">\n<div class=\"screen-reader-response\"><p role=\"status\" aria-live=\"polite\" aria-atomic=\"true\"><\/p> <ul><\/ul><\/div>\n<form action=\"\/en\/wp-json\/wp\/v2\/pages\/2572#wpcf7-f3436-o1\" method=\"post\" class=\"wpcf7-form init wpcf7-acceptance-as-validation\" aria-label=\"Contact form\" novalidate=\"novalidate\" data-status=\"init\">\n<div style=\"display: none;\">\n<input type=\"hidden\" name=\"_wpcf7\" value=\"3436\" \/>\n<input type=\"hidden\" name=\"_wpcf7_version\" value=\"5.7.2\" \/>\n<input type=\"hidden\" name=\"_wpcf7_locale\" value=\"en_US\" \/>\n<input type=\"hidden\" name=\"_wpcf7_unit_tag\" value=\"wpcf7-f3436-o1\" \/>\n<input type=\"hidden\" name=\"_wpcf7_container_post\" value=\"0\" \/>\n<input type=\"hidden\" name=\"_wpcf7_posted_data_hash\" value=\"\" \/>\n<input type=\"hidden\" name=\"_uacf7_hidden_conditional_fields\" value=\"\" \/>\n<\/div>\n<div class=\"uacf7-form-3436\"><div class=\"container-form form-mediation\" id=\"form-real-state\">\n\n<div class=\"form-group\">\n<label for=\"your-name\" class=\"visually-hidden\">Name<\/label>\n    <span class=\"wpcf7-form-control-wrap\" data-name=\"your-name\"><input size=\"40\" class=\"wpcf7-form-control wpcf7-text wpcf7-validates-as-required form-control\" id=\"your-name\" aria-required=\"true\" aria-invalid=\"false\" placeholder=\"Name\" value=\"\" type=\"text\" name=\"your-name\" \/><\/span>\n<\/div>\n<div class=\"form-group\">\n<label for=\"your-email\" class=\"visually-hidden\">Email<\/label>\n    <span class=\"wpcf7-form-control-wrap\" data-name=\"your-email\"><input size=\"40\" class=\"wpcf7-form-control wpcf7-text wpcf7-email wpcf7-validates-as-required wpcf7-validates-as-email form-control\" id=\"your-email\" aria-required=\"true\" aria-invalid=\"false\" placeholder=\"Email\" value=\"\" type=\"email\" name=\"your-email\" \/><\/span>\n<\/div>\n<div class=\"form-group\">\n<label for=\"your-telephone\" class=\"visually-hidden\">Telephone<\/label>\n    <span class=\"wpcf7-form-control-wrap\" data-name=\"your-telephone\"><input size=\"40\" class=\"wpcf7-form-control wpcf7-text wpcf7-tel wpcf7-validates-as-tel form-control\" id=\"your-telephone\" aria-invalid=\"false\" placeholder=\"Telephone\" value=\"\" type=\"tel\" name=\"your-telephone\" \/><\/span>\n<\/div>\n<div class=\"form-group textarea-group\">\n<label for=\"your-message\" class=\"visually-hidden\">Message<\/label>\n    <span class=\"wpcf7-form-control-wrap\" data-name=\"your-message\"><textarea cols=\"40\" rows=\"10\" class=\"wpcf7-form-control wpcf7-textarea wpcf7-validates-as-required form-control\" id=\"your-message\" aria-required=\"true\" aria-invalid=\"false\" placeholder=\"Message\" name=\"your-message\"><\/textarea><\/span>\n<\/div>\n<div class=\"form-group form-check\">\n    <span class=\"wpcf7-form-control-wrap\" data-name=\"your-consent\"><span class=\"wpcf7-form-control wpcf7-acceptance\"><span class=\"wpcf7-list-item\"><label><input type=\"checkbox\" name=\"your-consent\" value=\"1\" class=\"form-check-input\" aria-invalid=\"false\" \/><span class=\"wpcf7-list-item-label\">I accept the <a href=\"privacy-policy\">privacy policy<\/a> and the <a href=\"terms-and-conditions\">terms of service<\/a>.*<\/span><\/label><\/span><\/span><\/span>\n<\/div>\n<div class=\"form-row\" style=\"margin: 15px 0; padding: 0; align-items: center;\">\n    <div class=\"form-check form-group col-lg-6\">\n        <div id=\"cf7sr-69e17adce8322\" class=\"cf7sr-g-hcaptcha\" data-theme=\"light\" data-size=\"normal\" data-sitekey=\"57984712-678c-4490-ac20-fba86a3ee742\"><\/div><span class=\"wpcf7-form-control-wrap cf7sr-hcaptcha\" data-name=\"cf7sr-hcaptcha\"><input type=\"hidden\" name=\"cf7sr-hcaptcha\" value=\"\" class=\"wpcf7-form-control\"><\/span>\n    <\/div>\n    <div class=\"form-group col-lg-6 d-flex justify-content-end\">\n\t<input class=\"wpcf7-form-control has-spinner wpcf7-submit btn btn-dark mt-0\" type=\"submit\" value=\"SUBMIT\" \/>\n    <\/div>\n<\/div>\n<\/div><\/div><div class=\"wpcf7-response-output\" aria-hidden=\"true\"><\/div><\/form><\/div>\n<\/p>\n\n                                    <\/div>\n            <\/div>\n        <\/div>\n    <\/div>\n<\/section>\n\n\n<div style=\"height:6rem\" aria-hidden=\"true\" class=\"wp-block-spacer\"><\/div>\n","protected":false},"excerpt":{"rendered":"","protected":false},"author":1,"featured_media":0,"parent":0,"menu_order":0,"comment_status":"closed","ping_status":"closed","template":"","meta":{"inline_featured_image":false,"_monsterinsights_skip_tracking":false,"_monsterinsights_sitenote_active":false,"_monsterinsights_sitenote_note":"","_monsterinsights_sitenote_category":0},"acf":[],"aioseo_notices":[],"_links":{"self":[{"href":"https:\/\/www.ds360.pt\/en\/wp-json\/wp\/v2\/pages\/2572"}],"collection":[{"href":"https:\/\/www.ds360.pt\/en\/wp-json\/wp\/v2\/pages"}],"about":[{"href":"https:\/\/www.ds360.pt\/en\/wp-json\/wp\/v2\/types\/page"}],"author":[{"embeddable":true,"href":"https:\/\/www.ds360.pt\/en\/wp-json\/wp\/v2\/users\/1"}],"replies":[{"embeddable":true,"href":"https:\/\/www.ds360.pt\/en\/wp-json\/wp\/v2\/comments?post=2572"}],"version-history":[{"count":35,"href":"https:\/\/www.ds360.pt\/en\/wp-json\/wp\/v2\/pages\/2572\/revisions"}],"predecessor-version":[{"id":23443,"href":"https:\/\/www.ds360.pt\/en\/wp-json\/wp\/v2\/pages\/2572\/revisions\/23443"}],"wp:attachment":[{"href":"https:\/\/www.ds360.pt\/en\/wp-json\/wp\/v2\/media?parent=2572"}],"curies":[{"name":"wp","href":"https:\/\/api.w.org\/{rel}","templated":true}]}}