{"id":12,"date":"2022-08-21T15:21:36","date_gmt":"2022-08-21T14:21:36","guid":{"rendered":"http:\/\/beta.decisoesesolucoes.com\/?page_id=12"},"modified":"2025-10-31T13:25:39","modified_gmt":"2025-10-31T13:25:39","slug":"about-us","status":"publish","type":"page","link":"https:\/\/www.ds360.pt\/en\/about-us\/","title":{"rendered":"About Us"},"content":{"rendered":"\n<section id=\"block_63036e48ccf4f\" class=\"intro-inner-section intro-section\">\n\n    <figure class=\"bg-img\">\n                        <img src=\"https:\/\/www.ds360.pt\/wp-content\/uploads\/2023\/12\/Desktop_Empresa.png\" alt=\"Time DS reunido\">\n                    <\/figure>\n<\/section>\n<div id=\"block_63036e48ccf4f-h1\" class=\"container reveal fadeInLeft\">\n        <h1>THE COMPANY<\/h1>\n    <\/div>\n<!-- .intro-inner-section -->\n\n\n\n<section id=\"block_63039fb137d9a\" class=\"text-image-section reverse\">\n    <div class=\"container\">\n        <div class=\"row\">\n            <div class=\"col-12 col-lg-6 reveal fadeInLeft\">\n                <div class=\"text-holder\">\n\n                        <h2>ABOUT US<\/h2>\n                    <p><p><span>DECIS\u00d5ES E SOLU\u00c7\u00d5ES<\/span> is a national network whose stores provide a personalized and independent advice service, to individuals and companies, with 360\u00ba Solutions in terms of the purchase, sale and lease of real estate, as well as in terms of credit intermediation, insurance, remodeling and construction of houses.<\/p>\r\n\r\n<p><span>DECIS\u00d5ES E SOLU\u00c7\u00d5ES<\/span> is a brand that is a part of Grupo DS, founded in 2003, which currently has over 500 stores, 4.500 employees and 500.000 clients nationwide. It is the first Grupo DS brand, having been also established in 2003. Today it is the largest Real Estate Consulting, Credit Intermediation and Insurance Mediation network operating in Portugal. We currently have a network of more than 120 stores nationwide, more than 1.500 employees and more than 400.000 customers distributed throughout the country.<\/p><\/p>\n\n                                    <\/div>\n            <\/div>\n            <div class=\"col-12 col-lg-6 col-img reveal fadeInLeft\">\n                <figure class=\"img-holder\">\n                                                            <img src=\"https:\/\/www.ds360.pt\/wp-content\/uploads\/2023\/12\/Mobile_Empresa-1.png\" alt=\"Company\">\n                                                        <\/figure>\n            <\/div>\n        <\/div>\n    <\/div>\n<\/section>\n<!-- .text-image-section -->\n\n\n<section id=\"block_6582b686e8c05\" class=\"single-text-section\">\n    <div class=\"container\">\n        <div class=\"section-header reveal fadeInLeft\">\n               <h2>DECIS\u00d5ES E SOLU\u00c7\u00d5ES guarantees its clients solidity, trust and credibility<\/h2>\n            <h3>DECIS\u00d5ES E SOLU\u00c7\u00d5ES has a privileged relationship with the main Banking, Financial and Insurance Institutions in the country, always aiming to defend the interests of its clients.<\/h3>\n<p>DECIS\u00d5ES E SOLU\u00c7\u00d5ES \u2013 MEDIA\u00c7\u00c3O IMOBILI\u00c1RIA, LDA, AMI License n\u00ba. 9300 | DECIS\u00d5ES E SOLU\u00c7\u00d5ES \u2013 INTERMEDI\u00c1RIOS DE CR\u00c9DITO, LDA, Tied Credit Intermediary, with registration n\u00ba. 0000926, authorized by the Banco de Portugal to provide consulting services and authorized to provide credit intermediation services (Presentation or proposal of credit contracts to consumers; Assistance to consumers, through the performance of preparatory acts or other pre-contractual management work regarding credit contracts that have not been presented or proposed by it).<\/p>\n<p>Covered credit contracts: Housing Credit and Consumer Credit. Lenders or groups of lenders with whom it has a tying agreement: BANCO SANTANDER TOTTA, S.A., UNICRE &#8211; INSTITUI\u00c7\u00c3O FINANCEIRA DE CR\u00c9DITO, S.A., BANCO BPI S.A., NOVO BANCO, S.A., BNP PARIBAS PERSONAL FINANCE, S.A. &#8211; BRANCH IN PORTUGAL, MONTEPIO CR\u00c9DITO &#8211; INSTITUI\u00c7\u00c3O FINANCEIRA DE CR\u00c9DITO, S.A., BANKINTER, SA &#8211; BRANCH IN PORTUGAL, verifiable information at <a href=\"https:\/\/www.bportugal.pt\/intermediariocreditofar\/decisoes-e-solucoes-intermediarios-de-credito-lda.\"> https:\/\/www.bportugal.pt\/intermediariocreditofar&#8230;<\/a> &#8211; DECIS\u00d5ES E SOLU\u00c7\u00d5ES \u2013 INTERMEDI\u00c1RIOS DE CR\u00c9DITO, LDA is registered with the Insurance and Pension Funds Supervision Authority, with the category of Insurance Agent, under n\u00ba. 409311648\/3, authorized for Life and Non-Life branches, verifiable at https:\/\/www.asf.com.pt. The insurance mediator does not assume the coverage of risks, does not have the authority to enter into contracts on behalf of insurers, and is not authorized to receive premiums to be delivered to insurers.<\/p>\n        <\/div>\n        <div class=\"row\">\n            <div class=\"col-12 col-lg-6 reveal fadeInLeft\">\n                <div class=\"text-holder\">\n                                    <\/div>\n            <\/div>\n            <div class=\"col-12 col-lg-6 reveal fadeInLeft\">\n                <div class=\"text-holder\">\n                                    <\/div>\n            <\/div>\n        <\/div>\n    <\/div>\n<\/section>\n<!-- .single-text-section -->\n\n\n\n\r\n    <div class=\"container\">\r\n        <div id=\"videoModalLocal\" style=\"display: none;\">\r\n            <div class=\"modal-content-local\">\r\n                <span class=\"close-local\">\u00d7<\/span><br>\r\n                <video id=\"localVideo\" controls autoplay playsinline>\r\n                    <source src=\"\" type=\"video\/mp4\">\r\n                    <source src=\"\" type=\"video\/webm\">\r\n                    Seu navegador n\u00e3o suporta v\u00eddeo HTML5.\r\n                <\/video>\r\n            <\/div>\r\n        <\/div>\r\n        <div class=\"icon-video-text\">\r\n            <ul class=\"icon-video-local\">\r\n                <li>\r\n                    <i class=\"fas fa-play-circle fa-play-circle-video\" style=\"cursor: pointer;\" data-video-url=\"https:\/\/www.decisoesesolucoes.com\/wp-content\/uploads\/2025\/10\/Entrevista-Miguel-Oliveira.mp4\"><\/i>\r\n                <\/li>\r\n                <li>Interview with Miguel Oliveira<\/li>\r\n            <\/ul>\r\n        <\/div>\r\n    <\/div>\r\n        <script>\r\n        document.addEventListener(\"DOMContentLoaded\", function () {\r\n            const playIconsLocal = document.querySelectorAll(\".fa-play-circle-video[data-video-url]\");\r\n            \r\n            if (playIconsLocal.length === 0) {\r\n                return;\r\n            }\r\n            \r\n            const videoModalLocal = document.getElementById(\"videoModalLocal\");\r\n            const closeBtnLocal = videoModalLocal.querySelector(\".close-local\");\r\n            const localVideo = document.getElementById(\"localVideo\");\r\n\r\n            playIconsLocal.forEach(function(playIcon) {\r\n                playIcon.addEventListener(\"click\", function (e) {\r\n                    e.preventDefault(); \r\n                    e.stopImmediatePropagation();\r\n                    \r\n                    const videoUrl = this.getAttribute(\"data-video-url\");\r\n                    \r\n                    if (!videoUrl) {\r\n                        console.error(\"data-video-url n\u00e3o encontrado no \u00edcone\");\r\n                        return;\r\n                    }\r\n                    \r\n                    videoModalLocal.style.display = \"block\";\r\n                    \r\n                    const mp4Source = localVideo.querySelector(\"source[type='video\/mp4']\");\r\n                    const webmSource = localVideo.querySelector(\"source[type='video\/webm']\");\r\n                    \r\n                    if (mp4Source) {\r\n                        mp4Source.src = videoUrl;\r\n                    }\r\n                    \r\n                    if (webmSource) {\r\n                        webmSource.src = videoUrl.replace(\".mp4\", \".webm\");\r\n                    }\r\n                    \r\n                    localVideo.load();\r\n                    localVideo.play().catch(function(error) {\r\n                        console.error(\"Erro ao reproduzir v\u00eddeo:\", error);\r\n                    });\r\n                }, true); \r\n            });\r\n\r\n            closeBtnLocal.addEventListener(\"click\", function () {\r\n                videoModalLocal.style.display = \"none\";\r\n                localVideo.pause();\r\n                localVideo.currentTime = 0;\r\n                const sources = localVideo.querySelectorAll(\"source\");\r\n                sources.forEach(source => {\r\n                    source.src = \"\";\r\n                });\r\n            });\r\n\r\n            window.addEventListener(\"click\", function (event) {\r\n                if (event.target == videoModalLocal) {\r\n                    videoModalLocal.style.display = \"none\";\r\n                    localVideo.pause();\r\n                    localVideo.currentTime = 0;\r\n                    const sources = localVideo.querySelectorAll(\"source\");\r\n                    sources.forEach(source => {\r\n                        source.src = \"\";\r\n                    });\r\n                }\r\n            });\r\n\r\n            document.addEventListener(\"keydown\", function(event) {\r\n                if (event.key === \"Escape\") {\r\n                    if (videoModalLocal.style.display === \"block\") {\r\n                        videoModalLocal.style.display = \"none\";\r\n                        localVideo.pause();\r\n                        localVideo.currentTime = 0;\r\n                        const sources = localVideo.querySelectorAll(\"source\");\r\n                        sources.forEach(source => {\r\n                            source.src = \"\";\r\n                        });\r\n                    }\r\n                }\r\n            });\r\n        });\r\n        <\/script>\n\n\n\n<div style=\"height:100px\" aria-hidden=\"true\" class=\"wp-block-spacer\"><\/div>\n","protected":false},"excerpt":{"rendered":"","protected":false},"author":1,"featured_media":0,"parent":0,"menu_order":0,"comment_status":"closed","ping_status":"closed","template":"","meta":{"inline_featured_image":false,"_monsterinsights_skip_tracking":false,"_monsterinsights_sitenote_active":false,"_monsterinsights_sitenote_note":"","_monsterinsights_sitenote_category":0},"acf":[],"aioseo_notices":[],"_links":{"self":[{"href":"https:\/\/www.ds360.pt\/en\/wp-json\/wp\/v2\/pages\/12"}],"collection":[{"href":"https:\/\/www.ds360.pt\/en\/wp-json\/wp\/v2\/pages"}],"about":[{"href":"https:\/\/www.ds360.pt\/en\/wp-json\/wp\/v2\/types\/page"}],"author":[{"embeddable":true,"href":"https:\/\/www.ds360.pt\/en\/wp-json\/wp\/v2\/users\/1"}],"replies":[{"embeddable":true,"href":"https:\/\/www.ds360.pt\/en\/wp-json\/wp\/v2\/comments?post=12"}],"version-history":[{"count":61,"href":"https:\/\/www.ds360.pt\/en\/wp-json\/wp\/v2\/pages\/12\/revisions"}],"predecessor-version":[{"id":24251,"href":"https:\/\/www.ds360.pt\/en\/wp-json\/wp\/v2\/pages\/12\/revisions\/24251"}],"wp:attachment":[{"href":"https:\/\/www.ds360.pt\/en\/wp-json\/wp\/v2\/media?parent=12"}],"curies":[{"name":"wp","href":"https:\/\/api.w.org\/{rel}","templated":true}]}}