{"id":1021,"date":"2023-12-21T15:54:36","date_gmt":"2023-12-21T15:54:36","guid":{"rendered":"https:\/\/beta.decisoesesolucoes.com\/?page_id=1021"},"modified":"2024-01-09T15:35:55","modified_gmt":"2024-01-09T15:35:55","slug":"expense-simulator","status":"publish","type":"page","link":"https:\/\/www.ds360.pt\/en\/expense-simulator\/","title":{"rendered":"Expense Simulator"},"content":{"rendered":"\n<section id=\"block_65845f9063f8f\" class=\"intro-inner-section intro-section\">\n\n    <figure class=\"bg-img\">\n                        <img src=\"https:\/\/www.ds360.pt\/wp-content\/uploads\/2023\/12\/banner_simuladordespesas-1.png\" alt=\"EXPENSE SIMULATOR\">\n                    <\/figure>\n<\/section>\n<div id=\"block_65845f9063f8f-h1\" class=\"container reveal fadeInLeft\">\n        <h1>EXPENSE SIMULATOR<\/h1>\n    <\/div>\n<!-- .intro-inner-section -->\n\n\n\n<section id=\"block_65846f57552ad\" class=\"\">\n    <div class=\"container\">\n        <div class=\"row\">\n            <div class=\"col-md-12 reveal fadeInLeft\">\n                <div class=\"text-holder\">\n                        <h2>EXPENSE SIMULATOR<\/h2>\n                    <p><div style=\"margin-bottom: 6rem;\">\n<p>When it comes to buying a new property it is very important to know all the expenses that involve this acquisition.<\/p>\n<p>In order for us to help you fill out all the fields in the form below.<\/p>\n<\/div>\n<div class=\"wpcf7 no-js\" id=\"wpcf7-f1029-o1\" lang=\"en-US\" dir=\"ltr\">\n<div class=\"screen-reader-response\"><p role=\"status\" aria-live=\"polite\" aria-atomic=\"true\"><\/p> <ul><\/ul><\/div>\n<form action=\"\/en\/wp-json\/wp\/v2\/pages\/1021#wpcf7-f1029-o1\" method=\"post\" class=\"wpcf7-form init\" aria-label=\"Contact form\" novalidate=\"novalidate\" data-status=\"init\">\n<div style=\"display: none;\">\n<input type=\"hidden\" name=\"_wpcf7\" value=\"1029\" \/>\n<input type=\"hidden\" name=\"_wpcf7_version\" value=\"5.7.2\" \/>\n<input type=\"hidden\" name=\"_wpcf7_locale\" value=\"en_US\" \/>\n<input type=\"hidden\" name=\"_wpcf7_unit_tag\" value=\"wpcf7-f1029-o1\" \/>\n<input type=\"hidden\" name=\"_wpcf7_container_post\" value=\"0\" \/>\n<input type=\"hidden\" name=\"_wpcf7_posted_data_hash\" value=\"\" \/>\n<input type=\"hidden\" name=\"_uacf7_hidden_conditional_fields\" value=\"\" \/>\n<\/div>\n<div class=\"uacf7-form-1029\"><style>\n.input-group-addon{padding: 6px;}\n.input-group-addon span{background-color: #004137; border-radius: 0; padding: 5px 10px; color: #eebd57;}\n.form-group .wpcf7-form-control-wrap{width: 85%;}\n.wpcf7-form-control.btn-primary{border: none;}\n.result-value-simulator p{background-color: #FFF; color: #004137; border-radius: 0; margin: 0; padding: 10px 15px;}\n.result-value-simulator span{font-weight: bold; margin-right: 10px;}\n.result-value-simulator .input-group-addon{padding: 10px 15px !important;}\n#calculationResult .simulator-section{background-color: #eeeeec;}\n.simulator-notice{font-size: 0.9rem; margin-top: 3rem;}\n.form-row{flex-wrap: wrap;}\n@media (min-width:768px){.form-row .col-md-6{flex-basis: 50%; -webkit-box-flex: 0; -ms-flex: 0 0 50%; flex: 0 0 50%; max-width: 50%;} .form-row .col-md-12{flex: 0 0 100%; max-width: 100%;}}\n.row-submit .wpcf7-spinner{ display: none;}\n@media screen and (min-width: 767px){ .row-submit{display: flex; flex-direction: row; justify-content: end;} #calculationResult .simulator-section{padding: 5rem 2rem; margin: 3rem 0;}}\n<\/style>\n<div class=\"div-form simulator-form container-form simulator-container-imt\">\n            <div class=\"uacf7-step uacf7-step-1029 step-content\" next-btn-text=\"\" prev-btn-text=\"Previous\">\n        \n<ul id=\"progressbar\">\n                <li class=\"active\">Personal Details<\/li>\n                <li>Details<\/li>\n            <\/ul>\n       <h2>Fill in your details to access the Simulator<\/h2>\n<div class=\"form-row\" style=\"margin-top: 3rem;\">\n    <div class=\"form-group col-md-12\">\n        <div class=\"form-group\">\n            <h4>Name*<\/h4>\n            <span class=\"wpcf7-form-control-wrap\" data-name=\"your-name\"><input size=\"40\" class=\"wpcf7-form-control wpcf7-text wpcf7-validates-as-required form-control\" aria-required=\"true\" aria-invalid=\"false\" placeholder=\"Your name\" value=\"\" type=\"text\" name=\"your-name\" \/><\/span>\n        <\/div>\n    <\/div>\n    <div class=\"form-group col-md-6\">\n        <div class=\"form-group\">\n            <h4>Email*<\/h4>\n            <span class=\"wpcf7-form-control-wrap\" data-name=\"your-email\"><input size=\"40\" class=\"wpcf7-form-control wpcf7-text wpcf7-email wpcf7-validates-as-required wpcf7-validates-as-email form-control\" autocomplete=\"email\" aria-required=\"true\" aria-invalid=\"false\" placeholder=\"example@email.com\" value=\"\" type=\"email\" name=\"your-email\" \/><\/span>\n        <\/div>\n    <\/div>\n\n    <div class=\"form-group col-md-6\">\n        <div class=\"form-group\">\n            <h4>Phone*<\/h4>\n            <span class=\"wpcf7-form-control-wrap\" data-name=\"telemovel\"><input size=\"40\" class=\"wpcf7-form-control wpcf7-text wpcf7-tel wpcf7-validates-as-required wpcf7-validates-as-tel form-control\" aria-required=\"true\" aria-invalid=\"false\" placeholder=\"987 654 321\" value=\"\" type=\"tel\" name=\"telemovel\" \/><\/span>\n        <\/div>\n    <\/div>\n<\/div>\n<div class=\"form-row\">\n<div class=\"form-group col-md-6\">\n <h4>Distrito*<\/h4>\n<span class=\"wpcf7-form-control-wrap\" data-name=\"distritos\"><select class=\"wpcf7-form-control wpcf7-select wpcf7-validates-as-required\" id=\"distritos\" aria-required=\"true\" aria-invalid=\"false\" name=\"distritos\"><option value=\"\">Select a District<\/option><\/select><\/span>\n<\/div>\n<div class=\"form-group col-md-6\">\n <h4>Concelho*<\/h4>\n<span class=\"wpcf7-form-control-wrap\" data-name=\"concelhos\"><select class=\"wpcf7-form-control wpcf7-select wpcf7-validates-as-required\" id=\"concelhos\" aria-required=\"true\" aria-invalid=\"false\" name=\"concelhos\"><option value=\"\">Select a Council<\/option><\/select><\/span>\n<\/div>\n<div class=\"form-group col-md-6\">\n <h4>Freguesia*<\/h4>\n<span class=\"wpcf7-form-control-wrap\" data-name=\"freguesias\"><select class=\"wpcf7-form-control wpcf7-select wpcf7-validates-as-required\" id=\"freguesias\" aria-required=\"true\" aria-invalid=\"false\" name=\"freguesias\"><option value=\"\">Select a Parish<\/option><\/select><\/span>\n<\/div>\n<div class=\"form-group col-md-6\">\n<h4>Agency*<\/h4>\n<span class=\"wpcf7-form-control-wrap\" data-name=\"agency\"><select class=\"wpcf7-form-control wpcf7-select wpcf7-validates-as-required\" aria-required=\"true\" aria-invalid=\"false\" name=\"agency\"><option value=\"\">Select an Agency<\/option><option value=\"DS VILA NOVA DE FAMALICAO CENTRO\">DS VILA NOVA DE FAMALICAO CENTRO<\/option><option value=\"DS ABRANTES\">DS ABRANTES<\/option><option value=\"DS ALBERGARIA A VELHA\">DS ALBERGARIA A VELHA<\/option><option value=\"DS ALBUFEIRA\">DS ALBUFEIRA<\/option><option value=\"DS ALENQUER\">DS ALENQUER<\/option><option value=\"DS ALMADA ATRIUM\">DS ALMADA ATRIUM<\/option><option value=\"DS ALMADA PARQUE DA PAZ\">DS ALMADA PARQUE DA PAZ<\/option><option value=\"DS ALVERCA\">DS ALVERCA<\/option><option value=\"DS AMARANTE\">DS AMARANTE<\/option><option value=\"DS ANADIA\">DS ANADIA<\/option><option value=\"DS AVEIRO CENTRO\">DS AVEIRO CENTRO<\/option><option value=\"DS AVEIRO VERA CRUZ\">DS AVEIRO VERA CRUZ<\/option><option value=\"DS BAIXA DA BANHEIRA\">DS BAIXA DA BANHEIRA<\/option><option value=\"DS BARCELOS\">DS BARCELOS<\/option><option value=\"DS BARCELOS CENTRO\">DS BARCELOS CENTRO<\/option><option value=\"DS BARREIRO ALTO SEIXALINHO\">DS BARREIRO ALTO SEIXALINHO<\/option><option value=\"DS BARREIRO FIDALGUINHOS\">DS BARREIRO FIDALGUINHOS<\/option><option value=\"DS BARREIRO RIO\">DS BARREIRO RIO<\/option><option value=\"DS BASTO\">DS BASTO<\/option><option value=\"DS BELMONTE\">DS BELMONTE<\/option><option value=\"DS BOBADELA CENTRO\">DS BOBADELA CENTRO<\/option><option value=\"DS BRAGA CENTRO\">DS BRAGA CENTRO<\/option><option value=\"DS BRAGA LIBERDADE\">DS BRAGA LIBERDADE<\/option><option value=\"DS BRAGA NOGUEIR\u00d3\">DS BRAGA NOGUEIR\u00d3<\/option><option value=\"DS BRAGAN\u00c7A\">DS BRAGAN\u00c7A<\/option><option value=\"DS CALDAS DA RAINHA\">DS CALDAS DA RAINHA<\/option><option value=\"DS CAMPO ALEGRE\">DS CAMPO ALEGRE<\/option><option value=\"DS CARNAXIDE\">DS CARNAXIDE<\/option><option value=\"DS CASCAIS\">DS CASCAIS<\/option><option value=\"DS CHARNECA DA CAPARICA\">DS CHARNECA DA CAPARICA<\/option><option value=\"DS COIMBRA\">DS COIMBRA<\/option><option value=\"DS COVILH\u00c3\">DS COVILH\u00c3<\/option><option value=\"DS ENTRONCAMENTO\">DS ENTRONCAMENTO<\/option><option value=\"DS ENTRONCAMENTO E.LECLERC\">DS ENTRONCAMENTO E.LECLERC<\/option><option value=\"DS ERICEIRA\">DS ERICEIRA<\/option><option value=\"DS ERMESINDE\">DS ERMESINDE<\/option><option value=\"DS ESPINHO\">DS ESPINHO<\/option><option value=\"DS ESPOSENDE\">DS ESPOSENDE<\/option><option value=\"DS FARO AVENIDA\">DS FARO AVENIDA<\/option><option value=\"DS F\u00c1TIMA\">DS F\u00c1TIMA<\/option><option value=\"DS FIGUEIRA DA FOZ\">DS FIGUEIRA DA FOZ<\/option><option value=\"DS GONDOMAR\">DS GONDOMAR<\/option><option value=\"DS GUARDA\">DS GUARDA<\/option><option value=\"DS GUIMAR\u00c3ES AZUR\u00c9M\">DS GUIMAR\u00c3ES AZUR\u00c9M<\/option><option value=\"DS GUIMAR\u00c3ES CENTRO\">DS GUIMAR\u00c3ES CENTRO<\/option><option value=\"DS GUIMAR\u00c3ES QUINT\u00c3\">DS GUIMAR\u00c3ES QUINT\u00c3<\/option><option value=\"DS INFANTADO\">DS INFANTADO<\/option><option value=\"DS LAGOA\">DS LAGOA<\/option><option value=\"DS LEIRIA CENTRO\">DS LEIRIA CENTRO<\/option><option value=\"DS LISBOA ALVALADE\">DS LISBOA ALVALADE<\/option><option value=\"DS LISBOA AV. BERNA\">DS LISBOA AV. BERNA<\/option><option value=\"DS LISBOA BENFICA\">DS LISBOA BENFICA<\/option><option value=\"DS LISBOA PARQUE DAS NA\u00c7\u00d5ES\">DS LISBOA PARQUE DAS NA\u00c7\u00d5ES<\/option><option value=\"DS LISBOA SALDANHA\">DS LISBOA SALDANHA<\/option><option value=\"DS LISBOA TELHEIRAS\">DS LISBOA TELHEIRAS<\/option><option value=\"DS LOUL\u00c9\">DS LOUL\u00c9<\/option><option value=\"DS LOURES\">DS LOURES<\/option><option value=\"DS LOURINH\u00c3\">DS LOURINH\u00c3<\/option><option value=\"DS MAFRA\">DS MAFRA<\/option><option value=\"DS MATOSINHOS Sr\u00aa DA HORA\">DS MATOSINHOS Sr\u00aa DA HORA<\/option><option value=\"DS MOITA\">DS MOITA<\/option><option value=\"DS MONTIJO AEROPORTO\">DS MONTIJO AEROPORTO<\/option><option value=\"DS MONTIJO CENTRO\">DS MONTIJO CENTRO<\/option><option value=\"DS MOREIRA DA MAIA\">DS MOREIRA DA MAIA<\/option><option value=\"DS ODIVELAS\">DS ODIVELAS<\/option><option value=\"DS OEIRAS\">DS OEIRAS<\/option><option value=\"DS OLIVEIRA DE AZEMEIS\">DS OLIVEIRA DE AZEMEIS<\/option><option value=\"DS OUR\u00c9M\">DS OUR\u00c9M<\/option><option value=\"DS PA\u00c7OS FERREIRA\">DS PA\u00c7OS FERREIRA<\/option><option value=\"DS PALMELA\">DS PALMELA<\/option><option value=\"DS PONTA DELGADA\">DS PONTA DELGADA<\/option><option value=\"DS PONTE DE SOR\">DS PONTE DE SOR<\/option><option value=\"DS PORTALEGRE\">DS PORTALEGRE<\/option><option value=\"DS PORTIM\u00c3O\">DS PORTIM\u00c3O<\/option><option value=\"DS PORTO BESSA\">DS PORTO BESSA<\/option><option value=\"DS PORTO FERN\u00c3O DE MAGALH\u00c3ES\">DS PORTO FERN\u00c3O DE MAGALH\u00c3ES<\/option><option value=\"DS P\u00d3VOA VARZIM\">DS P\u00d3VOA VARZIM<\/option><option value=\"DS SANTA MARIA DA FEIRA\">DS SANTA MARIA DA FEIRA<\/option><option value=\"DS SANTAR\u00c9M\">DS SANTAR\u00c9M<\/option><option value=\"DS SEIXAL\">DS SEIXAL<\/option><option value=\"DS SESIMBRA\">DS SESIMBRA<\/option><option value=\"DS SET\u00daBAL\">DS SET\u00daBAL<\/option><option value=\"DS SINTRA\">DS SINTRA<\/option><option value=\"DS SOBRAL DE MONTE AGRA\u00c7O\">DS SOBRAL DE MONTE AGRA\u00c7O<\/option><option value=\"DS TAVIRA\">DS TAVIRA<\/option><option value=\"DS TOMAR\">DS TOMAR<\/option><option value=\"DS TONDELA\">DS TONDELA<\/option><option value=\"DS TORRES NOVAS\">DS TORRES NOVAS<\/option><option value=\"DS TORRES VEDRAS CENTRO\">DS TORRES VEDRAS CENTRO<\/option><option value=\"DS VAGOS\">DS VAGOS<\/option><option value=\"DS VIANA DO CASTELO SANTA LUZIA\">DS VIANA DO CASTELO SANTA LUZIA<\/option><option value=\"DS VIEIRA DO MINHO\">DS VIEIRA DO MINHO<\/option><option value=\"DS VILA DO CONDE\">DS VILA DO CONDE<\/option><option value=\"DS VILA FRANCA DE XIRA\">DS VILA FRANCA DE XIRA<\/option><option value=\"DS VILA NOVA DE FAMALIC\u00c3O\">DS VILA NOVA DE FAMALIC\u00c3O<\/option><option value=\"DS VILA NOVA DE GAIA AV REP\u00daBLICA\">DS VILA NOVA DE GAIA AV REP\u00daBLICA<\/option><option value=\"DS VILA NOVA DE GAIA DESCOBRIMENTOS\">DS VILA NOVA DE GAIA DESCOBRIMENTOS<\/option><option value=\"DS VILA NOVA DE GAIA DOURO\">DS VILA NOVA DE GAIA DOURO<\/option><option value=\"DS VILA NOVA DE SANTO ANDR\u00c9\">DS VILA NOVA DE SANTO ANDR\u00c9<\/option><option value=\"DS VILA POUCA DE AGUIAR\">DS VILA POUCA DE AGUIAR<\/option><option value=\"DS VILA PRAIA DE ANCORA\">DS VILA PRAIA DE ANCORA<\/option><option value=\"DS VILA VERDE\">DS VILA VERDE<\/option><option value=\"DS VISEU\">DS VISEU<\/option><option value=\"DS VIZELA\">DS VIZELA<\/option><option value=\"DS VN BARQUINHA\">DS VN BARQUINHA<\/option><\/select><\/span>\n<\/div>\n<\/div>\n            <p>\n            <button class=\"uacf7-prev\" data-form-id=\"1029\" >Previous<\/button>\n            <button class=\"uacf7-next\" data-form-id=\"1029\">Next<\/button>\n            <span class=\"wpcf7-spinner uacf7-ajax-loader\"><\/span>\n        <\/p>\n        <\/div>\n        \n    \n            <div class=\"uacf7-step uacf7-step-1029 step-content\" next-btn-text=\"Next\" prev-btn-text=\"\">\n        \n<ul id=\"progressbar\">\n                <li class=\"active\">Personal Details<\/li>\n                <li class=\"active\">Details<\/li>\n            <\/ul>\n    <h3>CREATE EXPENSE REPORT<\/h3>\n<div class=\"form-group\">\n    <span class=\"wpcf7-form-control-wrap\" data-name=\"propertyType\"><select class=\"wpcf7-form-control wpcf7-select wpcf7-validates-as-required\" aria-required=\"true\" aria-invalid=\"false\" name=\"propertyType\"><option value=\"\">Type of property*<\/option><option value=\"Own permanent residence\">Own permanent residence<\/option><option value=\"Secondary dwelling\">Secondary dwelling<\/option><option value=\"Rural property\">Rural property<\/option><option value=\"Other urban property\">Other urban property<\/option><\/select><\/span>\n<\/div>    \n<div class=\"form-group\"><h4 style=\"margin-top: 3rem;\">SEAL TAX<\/h4>\n\n        <span class=\"wpcf7-form-control-wrap\" data-name=\"businessType\"><select class=\"wpcf7-form-control wpcf7-select wpcf7-validates-as-required\" aria-required=\"true\" aria-invalid=\"false\" name=\"businessType\"><option value=\"\">Type of Business*<\/option><option value=\"Purchase\">Purchase<\/option><option value=\"Exchange\">Exchange<\/option><\/select><\/span>\n    <\/div>\n<div class=\"form-row\">\n<div class=\"form-group col-md-6 input-group\">\n\n        <span class=\"wpcf7-form-control-wrap\" data-name=\"saleValue\"><input class=\"wpcf7-form-control wpcf7-number wpcf7-validates-as-required wpcf7-validates-as-number form-control\" aria-required=\"true\" aria-invalid=\"false\" placeholder=\"Property purchase price\" value=\"\" type=\"number\" name=\"saleValue\" \/><\/span>\n        <div class=\"input-group-addon\"><span>\u20ac<\/span><\/div>\n<\/div>\n<div class=\"form-group col-md-6 input-group\">\n        <span class=\"wpcf7-form-control-wrap\" data-name=\"patrimonialValue\"><input class=\"wpcf7-form-control wpcf7-number wpcf7-validates-as-required wpcf7-validates-as-number form-control\" aria-required=\"true\" aria-invalid=\"false\" placeholder=\"Tax Asset Value\" value=\"\" type=\"number\" name=\"patrimonialValue\" \/><\/span>\n        <div class=\"input-group-addon\"><span>\u20ac<\/span><\/div>\n<\/div>\n<\/div>\n<div class=\"uacf7_conditional conditional-permuta\">\n<div class=\"form-row\">\n<div class=\"form-group col-md-6 input-group\">\n\n        <span class=\"wpcf7-form-control-wrap\" data-name=\"saleValueExchange\"><input class=\"wpcf7-form-control wpcf7-number wpcf7-validates-as-required wpcf7-validates-as-number form-control\" aria-required=\"true\" aria-invalid=\"false\" placeholder=\"Purchase price of current property\" value=\"\" type=\"number\" name=\"saleValueExchange\" \/><\/span>\n        <div class=\"input-group-addon\"><span>\u20ac<\/span><\/div>\n<\/div>\n<div class=\"form-group col-md-6 input-group\">\n        <span class=\"wpcf7-form-control-wrap\" data-name=\"patrimonialValueExchange\"><input class=\"wpcf7-form-control wpcf7-number wpcf7-validates-as-required wpcf7-validates-as-number form-control\" aria-required=\"true\" aria-invalid=\"false\" placeholder=\"Taxable Asset Value of the current property\" value=\"\" type=\"number\" name=\"patrimonialValueExchange\" \/><\/span>\n        <div class=\"input-group-addon\"><span>\u20ac<\/span><\/div>\n<\/div>\n<\/div>\n<\/div>\n\n<div class=\"form-row\">\n<div class=\"form-group col-md-6 input-group\">\n\n        <span class=\"wpcf7-form-control-wrap\" data-name=\"creditValue\"><input class=\"wpcf7-form-control wpcf7-number wpcf7-validates-as-required wpcf7-validates-as-number form-control\" aria-required=\"true\" aria-invalid=\"false\" placeholder=\"Mortgage Value\" value=\"\" type=\"number\" name=\"creditValue\" \/><\/span>\n        <div class=\"input-group-addon\"><span>\u20ac<\/span><\/div>\n<\/div>\n<\/div>\n\n<div class=\"form-row\">\n<div class=\"col-md-6\">\n<h4>IMT<\/h4>\n<div class=\"form-group\">\n<span class=\"wpcf7-form-control-wrap\" data-name=\"location\"><select class=\"wpcf7-form-control wpcf7-select wpcf7-validates-as-required\" aria-required=\"true\" aria-invalid=\"false\" name=\"location\"><option value=\"\">Location<\/option><option value=\"Mainland Portugal\">Mainland Portugal<\/option><option value=\"Autonomous Regions\">Autonomous Regions<\/option><\/select><\/span>\n<\/div>\n<\/div>\n<div class=\"col-md-6\">\n<h4>IMI<\/h4>\n<div class=\"form-group input-group\">\n\n        <span class=\"wpcf7-form-control-wrap\" data-name=\"municipalityTax\"><input class=\"wpcf7-form-control wpcf7-number wpcf7-validates-as-required wpcf7-validates-as-number form-control\" aria-required=\"true\" aria-invalid=\"false\" placeholder=\"Municipal tax\" value=\"\" type=\"number\" name=\"municipalityTax\" \/><\/span>\n        <div class=\"input-group-addon\"><span>%<\/span><\/div>\n<\/div>\n<\/div>\n<\/div>\n<div class=\"row-submit\">\n\n<input class=\"wpcf7-form-control has-spinner wpcf7-submit btn btn-dark\" type=\"submit\" value=\"Calculate\" \/>\n  <\/div>\n<\/div>\n<div id=\"calculationResult\"><\/div>\n\n<script>\ndocument.addEventListener('DOMContentLoaded', function() {\n    const form = document.querySelector('.wpcf7-form');\n    form.addEventListener('submit', function(event) {\n        event.preventDefault();\n\n        \/\/ Obter valores dos campos\n        const propertyType = document.querySelector('[name=\"propertyType\"]').value;\n        const location = document.querySelector('[name=\"location\"]').value;\n        const saleValue = parseFloat(document.querySelector('[name=\"saleValue\"]').value);\n        const creditValue = parseFloat(document.querySelector('[name=\"creditValue\"]').value) || 0;\n        const patrimonialValue = parseFloat(document.querySelector('[name=\"patrimonialValue\"]').value);\n        const municipalityTax = parseFloat(document.querySelector('[name=\"municipalityTax\"]').value);\n        const businessType = document.querySelector('[name=\"businessType\"]').value;\n        const valorVendaExchange = parseFloat(document.querySelector('[name=\"saleValueExchange\"]').value) || 0;\n        const patrimonialValueExchange = parseFloat(document.querySelector('[name=\"patrimonialValueExchange\"]').value) || 0;\n        const valorEscritura = businessType === \"Permuta\" ? 1075 : 700;\n\n        \/\/ Realizar c\u00e1lculos\n        const imt = calcularIMT(saleValue, propertyType, location);\n        const impostoSeloCompra = calcularImpostoSelo(saleValue);\n        const impostoSeloCredito = calcularImpostoSeloHipoteca(creditValue);\n        const imi = calcularIMI(patrimonialValue, municipalityTax);\n        const valorTotal = imt + impostoSeloCompra + impostoSeloCredito + imi + valorEscritura;\n\n        document.getElementById('calculationResult').innerHTML = `\n        <div class=\"simulator-section\">\n        <h2>Calculating the Costs of Buying a Property<\/h2>\n        <div class=\"form-group col-md-6 input-group result-value-simulator\">\n        <p><span>Deed:<\/span>${valorEscritura.toFixed(2)}<\/p>\n        <div class=\"input-group-addon\"><span>\u20ac<\/span><\/div>\n         <\/div>\n        <div class=\"form-group col-md-6 input-group result-value-simulator\">\n        <p><span>IS Acquisition:<\/span>${impostoSeloCompra.toFixed(2)}<\/p>\n        <div class=\"input-group-addon\"><span>\u20ac<\/span><\/div>\n        <\/div>\n        <div class=\"form-group col-md-6 input-group result-value-simulator\">\n        <p><span>IS Mortgage:<\/span>${impostoSeloCredito.toFixed(2)}<\/p>\n        <div class=\"input-group-addon\"><span>\u20ac<\/span><\/div>\n        <\/div>\n        <div class=\"form-group col-md-6 input-group result-value-simulator\">\n        <p><span>IMT:<\/span>${imt.toFixed(2)}<\/p>\n        <div class=\"input-group-addon\"><span>\u20ac<\/span><\/div>\n        <\/div>\n        <div class=\"form-group col-md-6 input-group result-value-simulator\">\n        <p><span>Annual IMI:<\/span>${imi.toFixed(2)}<\/p>\n        <div class=\"input-group-addon\"><span>\u20ac<\/span><\/div>\n        <\/div>\n        <div class=\"form-group col-md-6 input-group result-value-simulator\">\n        <p><span>TOTAL:<\/span>${valorTotal.toFixed(2)}<\/p>\n        <div class=\"input-group-addon\"><span>\u20ac<\/span><\/div>\n        <\/div>\n        \n<p class=\"simulator-notice\">These figures may vary depending on changes to certain elements. The figures are updated by the State Budget for 2023 Expenses for Acts carried out in Casa Pronta in accordance with Decree-Law 322-A\/2001 of 14 December.<\/p>\n<div>`;\n    });\n});\nfunction calcularIMT(valorVenda, valorVendaExchange, patrimonialValue, patrimonialValueExchange, tipoImovel, businessType) {\n    let taxaIMT = 0, parcelaAbater = 0, valorBaseIMT;\n\n    if (businessType === \"Permuta\") {\n        const diferencaValorVenda = Math.abs(valorVenda - valorVendaExchange);\n        const diferencaVPT = Math.abs(patrimonialValue - patrimonialValueExchange);\n        valorBaseIMT = Math.max(diferencaValorVenda, diferencaVPT);\n    } else {\n        valorBaseIMT = valorVenda;\n    }\n\n    if (tipoImovel === \"Habilita\u00e7\u00e3o Pr\u00f3pria e Permanente\") {\n        if (valorVenda <= 97064) {\n            taxaIMT = 0; parcelaAbater = 0;\n        } else if (valorVenda <= 132774) {\n            taxaIMT = 0.02; parcelaAbater = 1941.28;\n        } else if (valorVenda <= 181034) {\n            taxaIMT = 0.05; parcelaAbater = 5924.50;\n        } else if (valorVenda <= 301688) {\n            taxaIMT = 0.07; parcelaAbater = 9545.18;\n        } else if (valorVenda <= 603289) {\n            taxaIMT = 0.08; parcelaAbater = 12562.06;\n        } else if (valorVenda <= 1050400) {\n            taxaIMT = 0.06; parcelaAbater = 0; \/\/ Sem parcela a abater\n        } else {\n            taxaIMT = 0.075; parcelaAbater = 0; \/\/ Sem parcela a abater\n        }\n    } else if (tipoImovel === \"Habita\u00e7\u00e3o Secund\u00e1ria ou Arrendamento\") {\n        \/\/ L\u00f3gica completa para Habita\u00e7\u00e3o Secund\u00e1ria ou Arrendamento\n        if (valorVenda <= 97064) {\n            taxaIMT = 0.01; parcelaAbater = 0;\n        } else if (valorVenda <= 132774) {\n            taxaIMT = 0.02; parcelaAbater = 970.64;\n        } else if (valorVenda <= 181034) {\n            taxaIMT = 0.05; parcelaAbater = 4953.86;\n        } else if (valorVenda <= 301688) {\n            taxaIMT = 0.07; parcelaAbater = 8574.54;\n        } else if (valorVenda <= 603289) {\n            taxaIMT = 0.08; parcelaAbater = 11591.42;\n        } else {\n            taxaIMT = valorVenda <= 1050400 ? 0.06 : 0.075; \/\/ Sem parcela a abater\n            parcelaAbater = 0;\n        }\n    } else if (tipoImovel === \"Pr\u00e9dios R\u00fasticos\") {\n        taxaIMT = 0.05; parcelaAbater = 0; \/\/ Para Pr\u00e9dios R\u00fasticos\n    } else {\n        taxaIMT = 0.065; parcelaAbater = 0; \/\/ Para Pr\u00e9dios Urbanos e Outros\n    }\n\n        return (valorBaseIMT * taxaIMT) - parcelaAbater;\n}\n    \n\nfunction calcularIMI(vpt, taxaMunicipio) {\n    const taxaDecimal = taxaMunicipio \/ 100;\n    return vpt * taxaDecimal;\n}\n\n\nfunction calcularImpostoSelo(valorVenda) {\n    return valorVenda * 0.008; \/\/ 0,8% do valor de venda\n}\n\nfunction calcularImpostoSeloHipoteca(valorCredito) {\n    return valorCredito * 0.006; \/\/ 0,6% do valor do cr\u00e9dito\n}\nfunction printCalculation() {\n    window.print();\n}\n<\/script>\n\n<script>\nconst btn_prox=document.querySelector('.uacf7-next');btn_prox.textContent='Next';\nconst button = document.querySelector('.row-submit button'); button.textContent = 'Back';\n<\/script><\/div><div class=\"wpcf7-response-output\" aria-hidden=\"true\"><\/div><\/form><\/div>\n<\/p>\n\n                                    <\/div>\n            <\/div>\n        <\/div>\n    <\/div>\n<\/section>\n\n\n<div style=\"height:6rem\" aria-hidden=\"true\" class=\"wp-block-spacer\"><\/div>\n","protected":false},"excerpt":{"rendered":"","protected":false},"author":2,"featured_media":0,"parent":0,"menu_order":0,"comment_status":"closed","ping_status":"closed","template":"","meta":{"inline_featured_image":false,"_monsterinsights_skip_tracking":false,"_monsterinsights_sitenote_active":false,"_monsterinsights_sitenote_note":"","_monsterinsights_sitenote_category":0},"acf":[],"aioseo_notices":[],"_links":{"self":[{"href":"https:\/\/www.ds360.pt\/en\/wp-json\/wp\/v2\/pages\/1021"}],"collection":[{"href":"https:\/\/www.ds360.pt\/en\/wp-json\/wp\/v2\/pages"}],"about":[{"href":"https:\/\/www.ds360.pt\/en\/wp-json\/wp\/v2\/types\/page"}],"author":[{"embeddable":true,"href":"https:\/\/www.ds360.pt\/en\/wp-json\/wp\/v2\/users\/2"}],"replies":[{"embeddable":true,"href":"https:\/\/www.ds360.pt\/en\/wp-json\/wp\/v2\/comments?post=1021"}],"version-history":[{"count":18,"href":"https:\/\/www.ds360.pt\/en\/wp-json\/wp\/v2\/pages\/1021\/revisions"}],"predecessor-version":[{"id":1963,"href":"https:\/\/www.ds360.pt\/en\/wp-json\/wp\/v2\/pages\/1021\/revisions\/1963"}],"wp:attachment":[{"href":"https:\/\/www.ds360.pt\/en\/wp-json\/wp\/v2\/media?parent=1021"}],"curies":[{"name":"wp","href":"https:\/\/api.w.org\/{rel}","templated":true}]}}